{"id":3100,"date":"2022-11-24T13:56:35","date_gmt":"2022-11-24T12:56:35","guid":{"rendered":"https:\/\/www.granital.si\/uvjeti-poslovanja\/"},"modified":"2026-04-27T20:07:10","modified_gmt":"2026-04-27T18:07:10","slug":"uvjeti-poslovanja","status":"publish","type":"page","link":"https:\/\/www.granital.si\/hr\/uvjeti-poslovanja\/","title":{"rendered":"Uvjeti poslovanja"},"content":{"rendered":"\n\t<section class=\"section\" id=\"section_2012030030\">\n\t\t<div class=\"section-bg fill\" >\n\t\t\t\t\t\t\t\t\t\n\t\t\t\n\n\t\t<\/div>\n\n\t\t\n\n\t\t<div class=\"section-content relative\">\n\t\t\t\n<div class=\"row\"  id=\"row-1190311109\">\n\n\t<div id=\"col-1096457092\" class=\"col pb-0 small-12 large-12\"  >\n\t\t\t\t<div class=\"col-inner\"  >\n\t\t\t\n\t\t\t\n\t<div id=\"text-179493626\" class=\"text\">\n\t\t\n<h1>Uvjeti poslovanja &#8211;  Granital kamnose\u0161tvo<\/h1>\n\t\t\n<style>\n#text-179493626 {\n  font-size: 1.75rem;\n}\n<\/style>\n\t<\/div>\n\t\n<p>Hvala Vam na povjerenju.<\/p>\n<p>Kori\u0161tenjem potvr\u0111ujete da ste suglasni s ovim uvjetima. Molimo Vas da ih pa\u017eljivo pro\u010ditate. <\/p>\n<p>Uvjeti poslovanja i kori\u0161tenja internetske trgovine &#8211; Ova web stranica sastavljeni su u skladu sa Zakonom o za\u0161titi potro\u0161a\u010da (ZVPot), Zakonom o za\u0161titi osobnih podataka (ZVOP-1), Zakonom o elektroni\u010dkim komunikacijama (ZEKom-1) te Op\u0107om uredbom o za\u0161titi podataka (GDPR).<\/p>\n<p>Ovom web stranicom&nbsp;(u daljnjem tekstu: \u201etrgovina\u201c) upravlja tvrtka  GRANITAL KAMNOSE\u0160TVO d.o.o.,  Laporje, IOC Lo\u010dica,  1311 Turjak, mati\u010dni broj:  6352294000, porezni broj:  SI69092451, koja je ujedno i pru\u017eatelj usluga e-poslovanja (u daljnjem tekstu: prodavatelj).<\/p>\n<p>Uvjeti poslovanja odre\u0111uju rad internetske trgovine &#8211; Ova web stranica, prava i obveze korisnika i trgovine te ure\u0111uju poslovni odnos izme\u0111u trgovine i kupca.<\/p>\n<p>Kupca obvezuju uvjeti koji su va\u017ee\u0107i u trenutku kupnje (predaje internetske narud\u017ebe). Korisnik se prilikom svake predaje narud\u017ebe posebno upozorava na uvjete poslovanja te predajom narud\u017ebe potvr\u0111uje da je s njima upoznat. <\/p>\n\t<div id=\"gap-1154420899\" class=\"gap-element clearfix\" style=\"display:block; height:auto;\">\n\t\t\n<style>\n#gap-1154420899 {\n  padding-top: 30px;\n}\n<\/style>\n\t<\/div>\n\t\n<div class=\"accordion\">\n\t<div id=\"accordion-2160352820\" class=\"accordion-item\">\n\t\t<a id=\"accordion-2160352820-label\" class=\"accordion-title plain\" href=\"#accordion-item-dostupnost-informacija\" aria-expanded=\"false\" aria-controls=\"accordion-2160352820-content\">\n\t\t\t<button class=\"toggle\" aria-label=\"Toggle\"><i class=\"icon-angle-down\" aria-hidden=\"true\"><\/i><\/button>\n\t\t\t<span>Dostupnost informacija<\/span>\n\t\t<\/a>\n\t\t<div id=\"accordion-2160352820-content\" class=\"accordion-inner\" aria-labelledby=\"accordion-2160352820-label\">\n\t\t\t\n<p>Ova web stranica obvezuje se da \u0107e kupcu, prije nego \u0161to ga obve\u017ee ugovor ili ponuda, osigurati sljede\u0107e informacije:<\/p>\n<ol>\n<li>podatke o tvrtki (naziv i sjedi\u0161te tvrtke, mati\u010dni broj),<\/li>\n<li>kontaktne podatke koji korisniku omogu\u0107uju brzu i u\u010dinkovitu komunikaciju (e-po\u0161ta, telefon),<\/li>\n<li>bitne karakteristike artikala (uklju\u010duju\u0107i postprodajne usluge i jamstva) te rok valjanosti tih podataka, dostupnost artikala (svaki artikl koji je u ponudi na web stranici trebao bi biti dostupan u razumnom roku),<\/li>\n<li>uvjete dostave artikala (te na\u010din, mjesto i rok dostave), cijene koje moraju biti jasno i nedvosmisleno odre\u0111ene te mora biti vidljivo prikazano sadr\u017ee li ve\u0107 poreze i tro\u0161kove prijevoza i druge pristojbe, kao i rok valjanosti tih podataka, na\u010din pla\u0107anja i dostave ili ispunjenja te rok valjanosti tih podataka,<\/li>\n<li>vremensku valjanost ponude,<\/li>\n<li>rok u kojem je mogu\u0107e odustati od ugovora i uvjete za odustajanje (opis prava na odustajanje u skladu s \u010dlankom 43. ZVPot-a; u slu\u010dajevima kada potro\u0161a\u010d u skladu s \u010dlankom 43. ZVPot-a nema pravo na odustajanje, o tome se izri\u010dito obavje\u0161tava), <\/li>\n<li>poja\u0161njenje postupka prigovora, uklju\u010duju\u0107i sve podatke o kontakt osobi ili slu\u017ebi za korisnike.<\/li>\n<\/ol>\n\t\t<\/div>\n\t<\/div>\n\t\n\t<div id=\"accordion-1212786465\" class=\"accordion-item\">\n\t\t<a id=\"accordion-1212786465-label\" class=\"accordion-title plain\" href=\"#accordion-item-narud\u017eba\" aria-expanded=\"false\" aria-controls=\"accordion-1212786465-content\">\n\t\t\t<button class=\"toggle\" aria-label=\"Toggle\"><i class=\"icon-angle-down\" aria-hidden=\"true\"><\/i><\/button>\n\t\t\t<span>Narud\u017eba<\/span>\n\t\t<\/a>\n\t\t<div id=\"accordion-1212786465-content\" class=\"accordion-inner\" aria-labelledby=\"accordion-1212786465-label\">\n\t\t\t\n<p>Kupoprodajni ugovor izme\u0111u prodavatelja i kupca u internetskoj trgovini &#8211; Ova web stranica sklopljen je u trenutku kada trgovina kupcu po\u0161alje prvu elektroni\u010dku poruku o statusu njegove narud\u017ebe (s naslovom: Uspje\u0161no predana narud\u017eba). Od tog trenutka sve su cijene i ostali uvjeti fiksni i vrijede kako za trgovinu, tako i za kupca. Kupcem se smatra osoba s podacima navedenima prilikom predaje narud\u017ebe. Naknadna promjena podataka o kupcu nije mogu\u0107a.   <\/p>\n<p>Kupoprodajni ugovor (tj. prva elektroni\u010dka poruka o statusu narud\u017ebe) pohranjen je u elektroni\u010dkom obliku na poslu\u017eitelju trgovine. (Ugovor i elektroni\u010dke poruke o statusu narud\u017ebe dio su postupka\/poslovanja, odnosno ugovora i uvode se \u010dak i ako se korisnik ne sla\u017ee s uvjetima o primanju obavijesti i pohrani podataka.) <\/p>\n\t\t<\/div>\n\t<\/div>\n\t\n\t<div id=\"accordion-2316248689\" class=\"accordion-item\">\n\t\t<a id=\"accordion-2316248689-label\" class=\"accordion-title plain\" href=\"#accordion-item-na\u010dini-pla\u0107anja\" aria-expanded=\"false\" aria-controls=\"accordion-2316248689-content\">\n\t\t\t<button class=\"toggle\" aria-label=\"Toggle\"><i class=\"icon-angle-down\" aria-hidden=\"true\"><\/i><\/button>\n\t\t\t<span>Na\u010dini pla\u0107anja<\/span>\n\t\t<\/a>\n\t\t<div id=\"accordion-2316248689-content\" class=\"accordion-inner\" aria-labelledby=\"accordion-2316248689-label\">\n\t\t\t\n<p>E-trgovina &#8211; Ova web stranica omogu\u0107uje sljede\u0107e na\u010dine pla\u0107anja:<\/p>\n<ul>\n<li>gotovinom prilikom preuzimanja*<\/li>\n<li>uplatom na ra\u010dun (IBAN) prema ponudi\/predra\u010dunu**<\/li>\n<li>pla\u0107anjem putem PayPal servisa*<\/li>\n<\/ul>\n<p><em>*Kod pojedina\u010dnih narud\u017ebi zadr\u017eavamo pravo zahtijevati pla\u0107anje uplatom na ra\u010dun prema ponudi\/predra\u010dunu, pri \u010demu cijena ostaje ista.<\/em><\/p>\n<p><em>**Nakon primitka uplate prema ponudi\/predra\u010dunu, narud\u017eba ide dalje u proces obrade.<\/em><\/p>\n\t\t<\/div>\n\t<\/div>\n\t\n\t<div id=\"accordion-1933524420\" class=\"accordion-item\">\n\t\t<a id=\"accordion-1933524420-label\" class=\"accordion-title plain\" href=\"#accordion-item-izdavanje-ra\u010duna\" aria-expanded=\"false\" aria-controls=\"accordion-1933524420-content\">\n\t\t\t<button class=\"toggle\" aria-label=\"Toggle\"><i class=\"icon-angle-down\" aria-hidden=\"true\"><\/i><\/button>\n\t\t\t<span>Izdavanje ra\u010duna<\/span>\n\t\t<\/a>\n\t\t<div id=\"accordion-1933524420-content\" class=\"accordion-inner\" aria-labelledby=\"accordion-1933524420-label\">\n\t\t\t\n<p>E-trgovina &#8211; Ova web stranica nakon dostave naru\u010denih artikala kupcu \u0161alje i ra\u010dun u PDF formatu na e-adresu kupca ili ga prila\u017ee uz artikl.<\/p>\n<p>Na ra\u010dunu su ra\u0161\u010dlanjeni cijena i svi tro\u0161kovi vezani uz kupnju te je navedena obavijest o pravu na odustajanje od ugovora.<\/p>\n<p>Kupac je du\u017ean provjeriti ispravnost podataka prije predaje narud\u017ebe. Naknadne prigovore glede ispravnosti izdanih ra\u010duna ne uva\u017eavamo. <\/p>\n\t\t<\/div>\n\t<\/div>\n\t\n\t<div id=\"accordion-4207056896\" class=\"accordion-item\">\n\t\t<a id=\"accordion-4207056896-label\" class=\"accordion-title plain\" href=\"#accordion-item-cijene\" aria-expanded=\"false\" aria-controls=\"accordion-4207056896-content\">\n\t\t\t<button class=\"toggle\" aria-label=\"Toggle\"><i class=\"icon-angle-down\" aria-hidden=\"true\"><\/i><\/button>\n\t\t\t<span>Cijene<\/span>\n\t\t<\/a>\n\t\t<div id=\"accordion-4207056896-content\" class=\"accordion-inner\" aria-labelledby=\"accordion-4207056896-label\">\n\t\t\t\n<p>Sve cijene navedene su u kona\u010dnom iznosu (PDV nije obra\u010dunat prema \u010dlanku 94. ZDDV-1), osim ako nije izri\u010dito navedeno druga\u010dije.<\/p>\n<p>Cijene vrijede u trenutku predaje narud\u017ebe i nemaju unaprijed odre\u0111enu valjanost.<\/p>\n<p>Cijene vrijede u slu\u010daju pla\u0107anja gore navedenim na\u010dinima pla\u0107anja, pod gore navedenim uvjetima.<\/p>\n<p>Unato\u010d iznimnim naporima da osiguramo naja\u017eurnije i to\u010dne podatke, mo\u017ee se dogoditi da je podatak o cijeni pogre\u0161an. U tom slu\u010daju, ili u slu\u010daju da se cijena artikla promijeni tijekom obrade narud\u017ebe, trgovina \u0107e kupcu omogu\u0107iti odustajanje od kupnje. <\/p>\n<p>Popusti, promotivni kodovi i sl. u pravilu se ne zbrajaju. Popust na pojedina\u010dni artikl i promotivni kod se zbrajaju.  <\/p>\n<p>Upla\u0107ena sredstva po bonusima i predra\u010dunima se ne kamate. Kodove bonusa za popust nije mogu\u0107e zamijeniti za gotovinu. <\/p>\n\t\t<\/div>\n\t<\/div>\n\t\n\t<div id=\"accordion-3316380111\" class=\"accordion-item\">\n\t\t<a id=\"accordion-3316380111-label\" class=\"accordion-title plain\" href=\"#accordion-item-postupak-obavje\u0161tavanja-o-kupnji\" aria-expanded=\"false\" aria-controls=\"accordion-3316380111-content\">\n\t\t\t<button class=\"toggle\" aria-label=\"Toggle\"><i class=\"icon-angle-down\" aria-hidden=\"true\"><\/i><\/button>\n\t\t\t<span>Postupak obavje\u0161tavanja o kupnji<\/span>\n\t\t<\/a>\n\t\t<div id=\"accordion-3316380111-content\" class=\"accordion-inner\" aria-labelledby=\"accordion-3316380111-label\">\n\t\t\t\n<h2>1. Ova web stranica (trgovina) narud\u017eba<\/h2>\n<p>Nakon predaje narud\u017ebe kupac prima obavijest putem elektroni\u010dke po\u0161te da je narud\u017eba zaprimljena. Trgovina pregledava narud\u017ebu, provjerava dostupnost naru\u010denih artikala i narud\u017ebu potvr\u0111uje ili je s razlogom odbija. Trgovina mo\u017ee radi provjere podataka ili osiguravanja to\u010dnosti isporuke nazvati kupca na njegov kontaktni telefonski broj, odnosno e-adresu. Prilikom isporuke artikala koje trgovina nema na zalihi u vlastitom skladi\u0161tu, Ova web stranica isklju\u010divo je vezana uz isporuku od strane svojeg dobavlja\u010da i uz vrijeme u kojem taj dobavlja\u010d mo\u017ee dostaviti artikl trgovini. Putem elektroni\u010dke po\u0161te trgovina kupca redovito obavje\u0161tava o a\u017eurnim podacima vezanim uz isporuku artikala. Ako je rok isporuke vrlo dug, a kupac ne \u017eeli \u010dekati, kupac to mo\u017ee javiti trgovini koja \u0107e artikl ukloniti iz narud\u017ebe i vratiti kupcu eventualno ve\u0107 upla\u0107ena sredstva, a ostale artikle iz narud\u017ebe \u0107e, prema izboru kupca, ili isporu\u010diti ili stornirati cijelu narud\u017ebu. Ako dobavlja\u010d trgovine ne potvrdi dostupnost naru\u010denih artikala najkasnije do isteka dva tjedna od dana predaje narud\u017ebe, trgovina mo\u017ee odbiti narud\u017ebu kupca jer artikl nije na raspolaganju. Danom odbijanja narud\u017eba kupca prestaje vrijediti. Trgovina ne preuzima nikakvu odgovornost za \u0161tetu koja bi nastala zbog du\u017eih rokova isporuke ili zbog neisporuke artikala koje trgovina nema na zalihi u vlastitom skladi\u0161tu, osim ako bismo je mi ili osoba za koju je tvrtka odgovorna uzrokovali namjerno ili iz nemara.         <\/p>\n<h2>2. Narud\u017eba je otpremljena<\/h2>\n<p>Trgovina &#8211; Ova web stranica u dogovorenom roku priprema artikl, otprema ga i o tome putem elektroni\u010dke po\u0161te obavje\u0161tava kupca. Trgovina u elektroni\u010dkoj po\u0161ti upu\u0107uje kupca i o politici odustajanja od ugovora, kome se mo\u017ee obratiti u slu\u010daju ka\u0161njenja u dostavi i kome se mo\u017ee obratiti u slu\u010daju prigovora. <\/p>\n<p>U slu\u010daju da se kupac pravovremeno odlu\u010di za otkazivanje narud\u017ebe, mora o tome odmah obavijestiti prodavatelja na telefonski broj op\u0107e pomo\u0107i ili putem e-po\u0161te. Ako se dogodi da je narud\u017eba ve\u0107 otpremljena, kupac odbija po\u0161iljku dostavnoj slu\u017ebi. <\/p>\n\t\t<\/div>\n\t<\/div>\n\t\n\t<div id=\"accordion-2021138580\" class=\"accordion-item\">\n\t\t<a id=\"accordion-2021138580-label\" class=\"accordion-title plain\" href=\"#accordion-item-pravo-potro\u0161a\u010da-na-odustajanje-od-ugovora\" aria-expanded=\"false\" aria-controls=\"accordion-2021138580-content\">\n\t\t\t<button class=\"toggle\" aria-label=\"Toggle\"><i class=\"icon-angle-down\" aria-hidden=\"true\"><\/i><\/button>\n\t\t\t<span>Pravo potro\u0161a\u010da na odustajanje od ugovora<\/span>\n\t\t<\/a>\n\t\t<div id=\"accordion-2021138580-content\" class=\"accordion-inner\" aria-labelledby=\"accordion-2021138580-label\">\n\t\t\t\n<p>Potro\u0161a\u010d ima pravo u roku od 14 dana od preuzimanja artikala obavijestiti prodavatelja da odustaje od ugovora, bez potrebe za navo\u0111enjem razloga za svoju odluku. Rok po\u010dinje te\u0107i jedan dan nakon datuma preuzimanja artikala. <\/p>\n<p>Odustajanje od ugovora potro\u0161a\u010d javlja na e-adresu prodavatelja.<\/p>\n<p>U slu\u010daju odustajanja od ugovora, potro\u0161a\u010d primljeni artikl vra\u0107a po\u0161tom na adresu tvrtke ove internetske trgovine.<\/p>\n<p>Povrat primljenih artikala tvrtki u roku za odustajanje od ugovora smatra se obavije\u0161\u0107u o odustajanju od ugovora.<\/p>\n<p>Potro\u0161a\u010d mora vratiti artikl prodavatelju neo\u0161te\u0107en i u nepromijenjenoj koli\u010dini, osim ako je artikl uni\u0161ten, pokvaren, izgubljen ili se njegova koli\u010dina smanjila bez krivnje potro\u0161a\u010da. Potro\u0161a\u010d ne smije nesmetano koristiti artikle do odustajanja od ugovora. Potro\u0161a\u010d smije obaviti pregled i testiranje artikala u opsegu koji je nu\u017eno potreban za utvr\u0111ivanje stvarnog stanja. Potro\u0161a\u010d odgovara za smanjenje vrijednosti robe ako je smanjenje posljedica postupanja koje nije nu\u017eno potrebno za utvr\u0111ivanje prirode, karakteristika i funkcionalnosti robe.   <\/p>\n<p>Jedini tro\u0161ak koji tereti potro\u0161a\u010da u vezi s odustajanjem od ugovora jest tro\u0161ak povrata artikala (koji se u slu\u010daju slanja obra\u010dunava prema cjeniku dostavne slu\u017ebe i ovisi o tome radi li se o po\u0161iljci\/paketu\/teretu). Artikl je potrebno vratiti prodavatelju najkasnije u roku od 30 dana od poslane obavijesti o odustajanju od ugovora (kupnje). <\/p>\n<p>Potro\u0161a\u010d nema pravo na odustajanje od ugovora kod ugovora \u010diji je predmet artikl koji je izra\u0111en prema to\u010dnim uputama potro\u0161a\u010da, koji je prilago\u0111en njegovim osobnim potrebama ili koji zbog svoje prirode nije prikladan za povrat.<\/p>\n<p><strong>Odustajanje od ugovora nije mogu\u0107e za robu:<\/strong><\/p>\n<ul>\n<li>za robu ili usluge \u010dija cijena ovisi o fluktuacijama na tr\u017ei\u0161tima na koje tvrtka nema utjecaja i koje mogu nastupiti u roku odustajanja od ugovora;<\/li>\n<li>za robu koja je izra\u0111ena prema to\u010dnim uputama potro\u0161a\u010da i prilago\u0111ena njegovim osobnim potrebama;<\/li>\n<li>za robu koja zbog svoje prirode nije prikladna za povrat ili je brzo kvarljiva;<\/li>\n<li>za obavljenu uslugu, ako tvrtka u potpunosti ispuni ugovor te je pru\u017eanje usluge zapo\u010delo na temelju izri\u010ditog prethodnog pristanka potro\u0161a\u010da i uz suglasnost da gubi pravo na odustajanje od ugovora kada ga tvrtka u potpunosti ispuni;<\/li>\n<li>digitalni sadr\u017eaj koji se ne isporu\u010duje na materijalnom nosa\u010du podataka, ako je pru\u017eanje usluge zapo\u010delo na temelju izri\u010ditog prethodnog pristanka potro\u0161a\u010da i uz suglasnost.<\/li>\n<li>Povrat izvr\u0161enih uplata, uklju\u010duju\u0107i tro\u0161kove dostave (osim dodatnih tro\u0161kova zbog odabira vrste dostave koja nije najpovoljniji ponu\u0111eni standardni oblik dostave od strane tvrtke), bit \u0107e izvr\u0161en \u010dim prije, a najkasnije u roku od 14 dana od primitka obavijesti o odustajanju od ugovora. Tvrtka vra\u0107a primljena pla\u0107anja potro\u0161a\u010du istim sredstvom pla\u0107anja koje je potro\u0161a\u010d koristio (\u0161to je naj\u010de\u0161\u0107e uplatom na transakcijski ra\u010dun), osim ako je potro\u0161a\u010d izri\u010dito zahtijevao kori\u0161tenje drugog sredstva pla\u0107anja i ako potro\u0161a\u010d zbog toga ne snosi nikakve tro\u0161kove. <\/li>\n<\/ul>\n<p>&nbsp;<\/p>\n<p>Pri odustajanju od ugovora gdje je kori\u0161ten bonus, kod za popust ili promotivni kod, ta se sredstva smatraju popustom i ne vra\u0107aju se korisniku. Korisniku se vra\u0107a samo upla\u0107eni iznos. <\/p>\n<p>U iznimnim slu\u010dajevima, kada artikli nisu vra\u0107eni u skladu sa ZVPot-om, potro\u0161a\u010du mo\u017eemo ponuditi otkup artikla uz odgovaraju\u0107u od\u0161tetu, koja se utvr\u0111uje zapisnikom prilikom povrata. Otkup sa smanjenom vrijedno\u0161\u0107u uzima se u obzir uz potvrdu potro\u0161a\u010da putem elektroni\u010dke po\u0161te. Potro\u0161a\u010d navedeni iznos otkupnine koristi isklju\u010divo prilikom narud\u017ebe drugog artikla iste ili ve\u0107e vrijednosti.  <\/p>\n<p>Pravo na povrat kupovnog iznosa u slu\u010daju ostvarivanja jamstva i materijalnih nedostataka detaljnije ure\u0111uju odredbe Zakona o za\u0161titi potro\u0161a\u010da.<\/p>\n<h2>Odustajanje potro\u0161a\u010da od ugovora za artikle iz kompleta<\/h2>\n<p>Ako se potro\u0161a\u010d odlu\u010di za odustajanje od ugovora za artikle koji \u010dine komplet, mo\u017ee za cijeli komplet zahtijevati zamjenu za isti komplet ili povrat kupovnog iznosa. Potro\u0161a\u010d mo\u017ee zamijeniti artikl iz kompleta u slu\u010daju materijalnog nedostatka ili o\u0161te\u0107enja artikla, ali za njega ne mo\u017ee zahtijevati povrat kupovnog iznosa. U slu\u010daju ostvarivanja jamstva za artikl iz kompleta, vrijedi jamstveni rok proizvo\u0111a\u010da.  <\/p>\n\t\t<\/div>\n\t<\/div>\n\t\n\t<div id=\"accordion-2109572299\" class=\"accordion-item\">\n\t\t<a id=\"accordion-2109572299-label\" class=\"accordion-title plain\" href=\"#accordion-item-materijalni-nedostatak\" aria-expanded=\"false\" aria-controls=\"accordion-2109572299-content\">\n\t\t\t<button class=\"toggle\" aria-label=\"Toggle\"><i class=\"icon-angle-down\" aria-hidden=\"true\"><\/i><\/button>\n\t\t\t<span>Materijalni nedostatak<\/span>\n\t\t<\/a>\n\t\t<div id=\"accordion-2109572299-content\" class=\"accordion-inner\" aria-labelledby=\"accordion-2109572299-label\">\n\t\t\t\n<p>Potro\u0161a\u010d mo\u017ee ostvariti svoja prava po osnovi materijalnog nedostatka ako o nedostatku obavijesti prodavatelja u roku od dva mjeseca od dana kada je nedostatak otkriven. Potro\u0161a\u010d mora u obavijesti o nedostatku detaljno opisati nedostatak i omogu\u0107iti prodavatelju da pregleda stvar. <\/p>\n<p>Prodavatelj ne odgovara za materijalne nedostatke na robi koji se pojave nakon \u0161to proteknu dvije godine od predaje stvari. Smatra se da je nedostatak na stvari postojaao ve\u0107 u vrijeme predaje ako se pojavi u roku od \u0161est mjeseci od predaje. <\/p>\n<p>Potro\u0161a\u010d koji je ispravno obavijestio prodavatelja o nedostatku ima pravo od prodavatelja zahtijevati da:<\/p>\n<ul>\n<li>otkloni nedostatak na robi ili vrati dio pla\u0107enog iznosa razmjerno nedostatku ili<\/li>\n<li>robu s nedostatkom zamijeni novom ispravnom robom ili<\/li>\n<li>vrati pla\u0107eni iznos.<\/li>\n<\/ul>\n<h2>Kada je nedostatak materijalan? Kada: <\/h2>\n<ul>\n<li>artikl nema svojstva potrebna za njegovu redovitu uporabu ili za promet<\/li>\n<li>artikl nema svojstva potrebna za posebnu uporabu za koju ga kupac kupuje, a koja je prodavatelju bila poznata ili mu je morala biti poznata<\/li>\n<li>artikl nema svojstva i odlike koje su bile izri\u010dito ili pre\u0161utno dogovorene, odnosno propisane<\/li>\n<li>je prodavatelj predao artikl koji ne odgovara uzorku ili modelu, osim ako je uzorak ili model pokazan samo radi obavijesti.<\/li>\n<\/ul>\n<h2>Kako se provjerava prikladnost artikla?<\/h2>\n<p>Provjerava se s drugim, ispravnim artiklom iste vrste, a istovremeno i izjavama proizvo\u0111a\u010da, odnosno navodima na samom artiklu.<\/p>\n<h2>Kako se ostvaruje pravo na materijalni nedostatak?<\/h2>\n<p>Kupac nas mora o eventualnom materijalnom nedostatku, uz detaljan opis istog, obavijestiti u zakonski odre\u0111enom roku i istovremeno nam omogu\u0107iti pregled artikla.<\/p>\n<p>Pravo na ostvarivanje materijalnog nedostatka na artiklu detaljnije ure\u0111uju odredbe Zakona o za\u0161titi potro\u0161a\u010da.<\/p>\n\t\t<\/div>\n\t<\/div>\n\t\n<\/div>\n\t<div id=\"gap-167724833\" class=\"gap-element clearfix\" style=\"display:block; height:auto;\">\n\t\t\n<style>\n#gap-167724833 {\n  padding-top: 30px;\n}\n<\/style>\n\t<\/div>\n\t\n\t<div id=\"text-2664199159\" class=\"text\">\n\t\t\n\t\t\n<style>\n#text-2664199159 {\n  font-size: 1.5rem;\n}\n<\/style>\n\t<\/div>\n\t\n<h2>O ovim uvjetima<\/h2>\n<p>Ove uvjete ili dodatne uvjete koji vrijede za pojedinu uslugu mo\u017eemo, primjerice, promijeniti kada ih moramo prilagoditi zakonodavstvu ili promjenama usluga. Redovito pratite uvjete. <\/p>\n<ul>\n<li>Ako se ne sla\u017eete s promijenjenim uvjetima, prestanite s kori\u0161tenjem.<\/li>\n<li>U slu\u010daju proturje\u010dja izme\u0111u ovih uvjeta i dodatnih uvjeta, prevladavaju dodatni uvjeti.<\/li>\n<li>Ovi uvjeti ure\u0111uju odnos izme\u0111u trgovine i Vas. Uvjeti ne stvaraju nikakva prava za tre\u0107e osobe. <\/li>\n<li>Ako ne postupate u skladu s ovim uvjetima, a mi ne poduzmemo mjere odmah, to ne zna\u010di da se odri\u010demo bilo kojih prava koja nam pripadaju (npr. prava na naknadno poduzimanje mjera).<\/li>\n<li>Ako bilo koji od uvjeta nije mogu\u0107e ostvariti, to ne utje\u010de na ostale uvjete.<\/li>\n<\/ul>\n<p>Ako trebate pomo\u0107 ili imate bilo kakvo pitanje, slobodno nas kontaktirajte u bilo kojem trenutku.<\/p>\n<p><em>Ovaj pravilnik vrijedi od: 22. 5. 2018.<\/em><\/p>\n\t\t<\/div>\n\t\t\t\t\t<\/div>\n\n\t\n<\/div>\n\t\t<\/div>\n\n\t\t\n<style>\n#section_2012030030 {\n  padding-top: 100px;\n  padding-bottom: 100px;\n}\n<\/style>\n\t<\/section>\n\t\n","protected":false},"excerpt":{"rendered":"","protected":false},"author":18,"featured_media":0,"parent":0,"menu_order":0,"comment_status":"closed","ping_status":"closed","template":"page-blank.php","meta":{"footnotes":""},"class_list":["post-3100","page","type-page","status-publish","hentry"],"_links":{"self":[{"href":"https:\/\/www.granital.si\/hr\/wp-json\/wp\/v2\/pages\/3100","targetHints":{"allow":["GET"]}}],"collection":[{"href":"https:\/\/www.granital.si\/hr\/wp-json\/wp\/v2\/pages"}],"about":[{"href":"https:\/\/www.granital.si\/hr\/wp-json\/wp\/v2\/types\/page"}],"author":[{"embeddable":true,"href":"https:\/\/www.granital.si\/hr\/wp-json\/wp\/v2\/users\/18"}],"replies":[{"embeddable":true,"href":"https:\/\/www.granital.si\/hr\/wp-json\/wp\/v2\/comments?post=3100"}],"version-history":[{"count":0,"href":"https:\/\/www.granital.si\/hr\/wp-json\/wp\/v2\/pages\/3100\/revisions"}],"wp:attachment":[{"href":"https:\/\/www.granital.si\/hr\/wp-json\/wp\/v2\/media?parent=3100"}],"curies":[{"name":"wp","href":"https:\/\/api.w.org\/{rel}","templated":true}]}}