{"id":3095,"date":"2022-11-21T12:51:20","date_gmt":"2022-11-21T11:51:20","guid":{"rendered":"https:\/\/www.granital.si\/kolacici\/"},"modified":"2026-04-27T20:06:16","modified_gmt":"2026-04-27T18:06:16","slug":"kolacici","status":"publish","type":"page","link":"https:\/\/www.granital.si\/hr\/kolacici\/","title":{"rendered":"Kola\u010di\u0107i"},"content":{"rendered":"\n\t<section class=\"section\" id=\"section_1725899865\">\n\t\t<div class=\"section-bg fill\" >\n\t\t\t\t\t\t\t\t\t\n\t\t\t\n\n\t\t<\/div>\n\n\t\t\n\n\t\t<div class=\"section-content relative\">\n\t\t\t\n<div class=\"row\"  id=\"row-379634989\">\n\n\t<div id=\"col-760898315\" class=\"col pb-0 small-12 large-12\"  >\n\t\t\t\t<div class=\"col-inner\"  >\n\t\t\t\n\t\t\t\n\t<div id=\"text-19976148\" class=\"text\">\n\t\t\n<h1>Kola\u010di\u0107i &#8211;  Granital kamnose\u0161tvo<\/h1>\n\t\t\n<style>\n#text-19976148 {\n  font-size: 1.75rem;\n}\n<\/style>\n\t<\/div>\n\t\n<h2>\u0160to su kola\u010di\u0107i i za\u0161to su potrebni?<\/h2>\n<p>Kola\u010di\u0107 je kratak tekst koji web-mjesto \u0161alje pregledniku prilikom va\u0161eg posjeta na\u0161oj stranici. Tako vas web-stranica prepoznaje, pamti podatke o va\u0161em posjetu, prijavi i drugim postavkama. Zato je va\u0161 sljede\u0107i posjet web-stranici ugodniji i lak\u0161i. Kola\u010di\u0107i imaju va\u017enu ulogu, kori\u0161tenje interneta bez njih bilo bi manje ugodno.   <\/p>\n<p>Pomo\u0107u kola\u010di\u0107a prilago\u0111avamo sadr\u017eaj na\u0161e stranice, bilje\u017eimo posjete stranici, brojimo koliko posjetitelja ima pojedina stranica, poma\u017eemo vam pri slanju narud\u017ebe, \u0161titimo va\u0161e podatke i pamtimo va\u0161e preferencije i postavke. Pregledavanje na\u0161e stranice s kola\u010di\u0107ima je ugodnije, br\u017ee i prije svega u\u010dinkovitije. <\/p>\n\t<div id=\"gap-750362479\" class=\"gap-element clearfix\" style=\"display:block; height:auto;\">\n\t\t\n<style>\n#gap-750362479 {\n  padding-top: 30px;\n}\n<\/style>\n\t<\/div>\n\t\n<div class=\"accordion\">\n\t<div id=\"accordion-3139935567\" class=\"accordion-item\">\n\t\t<a id=\"accordion-3139935567-label\" class=\"accordion-title plain\" href=\"#accordion-item-vrste-kola\u010di\u0107a-koje-koristimo\" aria-expanded=\"false\" aria-controls=\"accordion-3139935567-content\">\n\t\t\t<button class=\"toggle\" aria-label=\"Toggle\"><i class=\"icon-angle-down\" aria-hidden=\"true\"><\/i><\/button>\n\t\t\t<span>Vrste kola\u010di\u0107a koje koristimo<\/span>\n\t\t<\/a>\n\t\t<div id=\"accordion-3139935567-content\" class=\"accordion-inner\" aria-labelledby=\"accordion-3139935567-label\">\n\t\t\t\n<p><b>https:\/\/granital.si\/<\/b>  koristi razli\u010dite vrste kola\u010di\u0107a. U va\u0161em pregledniku mogu biti pohranjeni neki od dolje opisanih kola\u010di\u0107a ili sve vrste kola\u010di\u0107a. Kola\u010di\u0107e mo\u017eete pregledati i upravljati njima u pregledniku (to mo\u017eda nije mogu\u0107e u preglednicima za mobilne ure\u0111aje).  <\/p>\n\t\t<\/div>\n\t<\/div>\n\t\n\t<div id=\"accordion-662310941\" class=\"accordion-item\">\n\t\t<a id=\"accordion-662310941-label\" class=\"accordion-title plain\" href=\"#accordion-item-kola\u010di\u0107i-potrebni-za-pravilno-funkcioniranje-stranice\" aria-expanded=\"false\" aria-controls=\"accordion-662310941-content\">\n\t\t\t<button class=\"toggle\" aria-label=\"Toggle\"><i class=\"icon-angle-down\" aria-hidden=\"true\"><\/i><\/button>\n\t\t\t<span>Kola\u010di\u0107i potrebni za pravilno funkcioniranje stranice<\/span>\n\t\t<\/a>\n\t\t<div id=\"accordion-662310941-content\" class=\"accordion-inner\" aria-labelledby=\"accordion-662310941-label\">\n\t\t\t\n<table border:=\"\">\n<tbody>\n<tr>\n<th>Naziv kola\u010di\u0107a<\/th>\n<th>Svrha<\/th>\n<th>Trajanje kola\u010di\u0107a<\/th>\n<th>Izvor<\/th>\n<\/tr>\n<tr>\n<td>cookie_notice_accepted<\/td>\n<td>Kola\u010di\u0107 pamti jeste li pristali na prihva\u0107anje kola\u010di\u0107a.<\/td>\n<td>1 mjesec<\/td>\n<td><span class=\"ime-strani\"><b>https:\/\/granital.si\/<\/b><\/span><\/td>\n<\/tr>\n<tr>\n<td>PH_HPXY_CHECK<\/td>\n<td>Ovaj kola\u010di\u0107 koristi PHP jezik kako bi omogu\u0107io pohranu \u0161ifriranih varijabli sesija na web-poslu\u017eitelju.<\/td>\n<td>Nakon zavr\u0161etka sesije pregledavanja.<\/td>\n<td><span class=\"ime-strani\"><b>https:\/\/granital.si\/<\/b><\/span><\/td>\n<\/tr>\n<tr>\n<td>opt-in-social<\/td>\n<td>Kola\u010di\u0107 pamti jeste li pristali na prihva\u0107anje kola\u010di\u0107a.<\/td>\n<td>1 mjesec<\/td>\n<td><span class=\"ime-strani\"><b>https:\/\/granital.si\/<\/b><\/span><\/td>\n<\/tr>\n<tr>\n<td>opt-in-remarketing<\/td>\n<td>Kola\u010di\u0107 pamti jeste li pristali na prihva\u0107anje kola\u010di\u0107a.<\/td>\n<td>1 mjesec<\/td>\n<td><span class=\"ime-strani\"><b>https:\/\/granital.si\/<\/b><\/span><\/td>\n<\/tr>\n<tr>\n<td>_ga<\/td>\n<td>Statistika web-stranice<\/td>\n<td>2 godine<\/td>\n<td><span class=\"ime-strani\"><b>https:\/\/granital.si\/<\/b><\/span><\/td>\n<\/tr>\n<tr>\n<td>_ga<\/td>\n<td>Statistika web-stranice<\/td>\n<td>2 godine<\/td>\n<td>.gstatic.com<\/td>\n<\/tr>\n<tr>\n<td>_gat_UA-#<\/td>\n<td>Statistika web-stranice<\/td>\n<td>10 minuta<\/td>\n<td><span class=\"ime-strani\"><b>https:\/\/granital.si\/<\/b><\/span><\/td>\n<\/tr>\n<tr>\n<td>_gid<\/td>\n<td>Statistika web-stranice<\/td>\n<td>1 dan<\/td>\n<td><span class=\"ime-strani\"><b>https:\/\/granital.si\/<\/b><\/span><\/td>\n<\/tr>\n<\/tbody>\n<\/table>\n\t\t<\/div>\n\t<\/div>\n\t\n\t<div id=\"accordion-949462386\" class=\"accordion-item\">\n\t\t<a id=\"accordion-949462386-label\" class=\"accordion-title plain\" href=\"#accordion-item-kola\u010di\u0107i-dru\u0161tvenih-mre\u017ea\" aria-expanded=\"false\" aria-controls=\"accordion-949462386-content\">\n\t\t\t<button class=\"toggle\" aria-label=\"Toggle\"><i class=\"icon-angle-down\" aria-hidden=\"true\"><\/i><\/button>\n\t\t\t<span>Kola\u010di\u0107i dru\u0161tvenih mre\u017ea<\/span>\n\t\t<\/a>\n\t\t<div id=\"accordion-949462386-content\" class=\"accordion-inner\" aria-labelledby=\"accordion-949462386-label\">\n\t\t\t\n<table>\n<tbody>\n<tr>\n<th>Naziv kola\u010di\u0107a<\/th>\n<th>Svrha<\/th>\n<th>Trajanje kola\u010di\u0107a<\/th>\n<th>Izvor<\/th>\n<\/tr>\n<tr>\n<td>VISITOR_INFO1_LIVE<\/td>\n<td>Youtube (video, postavke, statistika)<\/td>\n<td>6 mjeseci<\/td>\n<td>.youtube.com<\/td>\n<\/tr>\n<tr>\n<td>* LOGIN_INFO<\/td>\n<td>Youtube (video, postavke, statistika)<\/td>\n<td>2 godine<\/td>\n<td>.youtube.com<\/td>\n<\/tr>\n<tr>\n<td>YSC<\/td>\n<td>Youtube (video, postavke, statistika)<\/td>\n<td>Nakon zavr\u0161etka sesije pregledavanja.<\/td>\n<td>.youtube.com<\/td>\n<\/tr>\n<tr>\n<td>GPS<\/td>\n<td>Youtube (video, postavke, statistika)<\/td>\n<td>30 minuta<\/td>\n<td>.youtube.com<\/td>\n<\/tr>\n<tr>\n<td>* xs<\/td>\n<td>Facebook (dodatak, postavke, statistika)<\/td>\n<td>3 mjeseca<\/td>\n<td>.facebook.com<\/td>\n<\/tr>\n<tr>\n<td>act<\/td>\n<td>Facebook (dodatak, postavke, statistika)<\/td>\n<td>Nakon zavr\u0161etka sesije pregledavanja.<\/td>\n<td>.facebook.com<\/td>\n<\/tr>\n<tr>\n<td>* c_user<\/td>\n<td>Facebook (dodatak, postavke, statistika)<\/td>\n<td>3 mjeseca<\/td>\n<td>.facebook.com<\/td>\n<\/tr>\n<tr>\n<td>* datr<\/td>\n<td>Facebook (dodatak, postavke, statistika)<\/td>\n<td>2 godine<\/td>\n<td>.facebook.com<\/td>\n<\/tr>\n<tr>\n<td>* dpr<\/td>\n<td>Facebook (dodatak, postavke, statistika)<\/td>\n<td>1 tjedan<\/td>\n<td>.facebook.com<\/td>\n<\/tr>\n<tr>\n<td>* pl<\/td>\n<td>Facebook (dodatak, postavke, statistika)<\/td>\n<td>3 mjeseca<\/td>\n<td>.facebook.com<\/td>\n<\/tr>\n<tr>\n<td>* sb<\/td>\n<td>Facebook (dodatak, postavke, statistika)<\/td>\n<td>2 godine<\/td>\n<td>.facebook.com<\/td>\n<\/tr>\n<tr>\n<td>* wd<\/td>\n<td>Facebook (dodatak, postavke, statistika)<\/td>\n<td>1 tjedan<\/td>\n<td>.facebook.com<\/td>\n<\/tr>\n<tr>\n<td>fr<\/td>\n<td>Facebook (dodatak, postavke, statistika)<\/td>\n<td>3 mjeseca<\/td>\n<td>.facebook.com<\/td>\n<\/tr>\n<tr>\n<td>presense<\/td>\n<td>Facebook (dodatak, postavke, statistika)<\/td>\n<td>Nakon zavr\u0161etka sesije pregledavanja.<\/td>\n<td>.facebook.com<\/td>\n<\/tr>\n<tr>\n<td>* SID<\/td>\n<td>Statistika web-stranice<\/td>\n<td>2 godine<\/td>\n<td>.google.com \/ .google.si<\/td>\n<\/tr>\n<tr>\n<td>* OGPC<\/td>\n<td>Statistika web-stranice<\/td>\n<td>2 mjeseca<\/td>\n<td>.google.com<\/td>\n<\/tr>\n<\/tbody>\n<\/table>\n<p><i>Napomena: sadr\u017eaj objavljen na na\u0161im web-stranicama povremeno sadr\u017ei i video sadr\u017eaje s vanjskih stranica (ugra\u0111eni video). To zna\u010di da korisniku s tehni\u010dkog gledi\u0161ta serviramo sadr\u017eaje tre\u0107ih strana (npr. YouTube) koji uklju\u010duju vlastite oglasne sustave i time korisniku instaliraju vlastite kola\u010di\u0107e koje koriste za svoje svrhe.  <\/i><\/p>\n<p><i>* Dru\u0161tvene mre\u017ee poput Facebooka, Googlea instalirat \u0107e kola\u010di\u0107e i ovisno o tome jeste li prijavljeni u njihovu uslugu. Upravljanje njihovim kola\u010di\u0107ima regulirano je uvjetima suradnje koje ste kao korisnik tih mre\u017ea prihvatili prilikom registracije. <\/i><\/p>\n\t\t<\/div>\n\t<\/div>\n\t\n\t<div id=\"accordion-2959252443\" class=\"accordion-item\">\n\t\t<a id=\"accordion-2959252443-label\" class=\"accordion-title plain\" href=\"#accordion-item-kola\u010di\u0107i-za-napredno-ogla\u0161avanje\" aria-expanded=\"false\" aria-controls=\"accordion-2959252443-content\">\n\t\t\t<button class=\"toggle\" aria-label=\"Toggle\"><i class=\"icon-angle-down\" aria-hidden=\"true\"><\/i><\/button>\n\t\t\t<span>Kola\u010di\u0107i za napredno ogla\u0161avanje<\/span>\n\t\t<\/a>\n\t\t<div id=\"accordion-2959252443-content\" class=\"accordion-inner\" aria-labelledby=\"accordion-2959252443-label\">\n\t\t\t\n<table>\n<tbody>\n<tr>\n<th>Naziv kola\u010di\u0107a<\/th>\n<th>Svrha<\/th>\n<th>Trajanje kola\u010di\u0107a<\/th>\n<th>Izvor<\/th>\n<\/tr>\n<tr>\n<td>* NID<\/td>\n<td>Napredno ogla\u0161avanje<\/td>\n<td>7 mjeseci<\/td>\n<td>.google.com \/ .google.si<\/td>\n<\/tr>\n<tr>\n<td>IDE<\/td>\n<td>Napredno ogla\u0161avanje<\/td>\n<td>1 godina<\/td>\n<td>.doubleclick.net<\/td>\n<\/tr>\n<tr>\n<td>DSID<\/td>\n<td>Napredno ogla\u0161avanje<\/td>\n<td>15 minuta<\/td>\n<td>.doubleclick.net<\/td>\n<\/tr>\n<tr>\n<td>* 1P_JAR<\/td>\n<td>Napredno ogla\u0161avanje<\/td>\n<td>1 mjesec<\/td>\n<td>.google.com \/ .google.si<\/td>\n<\/tr>\n<tr>\n<td>* APISID<\/td>\n<td>Napredno ogla\u0161avanje<\/td>\n<td>2 godine<\/td>\n<td>.youtube.com \/ .google.com \/ .google.si<\/td>\n<\/tr>\n<tr>\n<td>* HSID<\/td>\n<td>Napredno ogla\u0161avanje<\/td>\n<td>2 godine<\/td>\n<td>.youtube.com \/ .google.com \/ .google.si<\/td>\n<\/tr>\n<tr>\n<td>* SAPISID<\/td>\n<td>Napredno ogla\u0161avanje<\/td>\n<td>2 godine<\/td>\n<td>.youtube.com \/ .google.com \/ .google.si<\/td>\n<\/tr>\n<tr>\n<td>* SIDCC<\/td>\n<td>Napredno ogla\u0161avanje<\/td>\n<td>2 godine<\/td>\n<td>.google.com<\/td>\n<\/tr>\n<tr>\n<td>* SSID<\/td>\n<td>Napredno ogla\u0161avanje<\/td>\n<td>2 godine<\/td>\n<td>.youtube.com \/ .google.com \/ .google.si<\/td>\n<\/tr>\n<tr>\n<td>* CONSENT<\/td>\n<td>Napredno ogla\u0161avanje<\/td>\n<td>20 godina<\/td>\n<td>.youtube.com \/ .google.com \/ .google.si<\/td>\n<\/tr>\n<tr>\n<td>DV<\/td>\n<td>Napredno ogla\u0161avanje<\/td>\n<td>1 sat<\/td>\n<td>.google.com<\/td>\n<\/tr>\n<tr>\n<td>PREF<\/td>\n<td>Napredno ogla\u0161avanje<\/td>\n<td>8 mjeseci<\/td>\n<td>.youtube.com \/ .google.com \/ .google.si<\/td>\n<\/tr>\n<tr>\n<td>test_cookie<\/td>\n<td>Testiranje, funkcioniranje kola\u010di\u0107a<\/td>\n<td>15 minuta<\/td>\n<td>.doubleclick.net<\/td>\n<\/tr>\n<\/tbody>\n<\/table>\n<p><i>* Dru\u0161tvene mre\u017ee poput Facebooka, Googlea instalirat \u0107e kola\u010di\u0107e i ovisno o tome jeste li prijavljeni u njihovu uslugu. Upravljanje njihovim kola\u010di\u0107ima regulirano je uvjetima suradnje koje ste kao korisnik tih mre\u017ea prihvatili prilikom registracije. <\/i><\/p>\n\t\t<\/div>\n\t<\/div>\n\t\n\t<div id=\"accordion-222451474\" class=\"accordion-item\">\n\t\t<a id=\"accordion-222451474-label\" class=\"accordion-title plain\" href=\"#accordion-item-upravljanje-kola\u010di\u0107ima\" aria-expanded=\"false\" aria-controls=\"accordion-222451474-content\">\n\t\t\t<button class=\"toggle\" aria-label=\"Toggle\"><i class=\"icon-angle-down\" aria-hidden=\"true\"><\/i><\/button>\n\t\t\t<span>Upravljanje kola\u010di\u0107ima<\/span>\n\t\t<\/a>\n\t\t<div id=\"accordion-222451474-content\" class=\"accordion-inner\" aria-labelledby=\"accordion-222451474-label\">\n\t\t\t\n<p>Postavke za kola\u010di\u0107e mo\u017eete kontrolirati i mijenjati i u svom pregledniku.<\/p>\n<p>Za informacije o postavkama za kola\u010di\u0107e odaberite web-preglednik koji koristite.<\/p>\n<ul>\n<li><a href=\"https:\/\/support.microsoft.com\/sl-si\/help\/17442\/windows-internet-explorer-delete-manage-cookies\" target=\"_blank\" rel=\"noopener\">Internet Explorer<\/a><\/li>\n<li><a href=\"https:\/\/support.google.com\/chrome\/answer\/95647?hl=sl-sl&amp;p=cpn_cookies\" target=\"_blank\" rel=\"noopener\">Chrome<\/a><\/li>\n<li><a href=\"https:\/\/support.mozilla.org\/sl\/kb\/kako-omogocite-onemogocite-piskotke\" target=\"_blank\" rel=\"noopener\">Firefox<\/a><\/li>\n<li><a href=\"https:\/\/help.opera.com\/en\/latest\/web-preferences\/#cookies\" target=\"_blank\" rel=\"noopener\">Opera (stranica na engleskom jeziku)<\/a><\/li>\n<li><a href=\"https:\/\/support.apple.com\/sl-si\/guide\/safari\/manage-cookies-and-website-data-sfri11471\/mac\" target=\"_blank\" rel=\"noopener\">Safari (stranica na engleskom jeziku)<\/a><\/li>\n<\/ul>\n\t\t<\/div>\n\t<\/div>\n\t\n<\/div>\n\t\t<\/div>\n\t\t\t\t\t<\/div>\n\n\t\n<\/div>\n\t\t<\/div>\n\n\t\t\n<style>\n#section_1725899865 {\n  padding-top: 100px;\n  padding-bottom: 100px;\n}\n<\/style>\n\t<\/section>\n\t\n","protected":false},"excerpt":{"rendered":"","protected":false},"author":18,"featured_media":0,"parent":0,"menu_order":0,"comment_status":"closed","ping_status":"closed","template":"page-blank.php","meta":{"footnotes":""},"class_list":["post-3095","page","type-page","status-publish","hentry"],"_links":{"self":[{"href":"https:\/\/www.granital.si\/hr\/wp-json\/wp\/v2\/pages\/3095","targetHints":{"allow":["GET"]}}],"collection":[{"href":"https:\/\/www.granital.si\/hr\/wp-json\/wp\/v2\/pages"}],"about":[{"href":"https:\/\/www.granital.si\/hr\/wp-json\/wp\/v2\/types\/page"}],"author":[{"embeddable":true,"href":"https:\/\/www.granital.si\/hr\/wp-json\/wp\/v2\/users\/18"}],"replies":[{"embeddable":true,"href":"https:\/\/www.granital.si\/hr\/wp-json\/wp\/v2\/comments?post=3095"}],"version-history":[{"count":0,"href":"https:\/\/www.granital.si\/hr\/wp-json\/wp\/v2\/pages\/3095\/revisions"}],"wp:attachment":[{"href":"https:\/\/www.granital.si\/hr\/wp-json\/wp\/v2\/media?parent=3095"}],"curies":[{"name":"wp","href":"https:\/\/api.w.org\/{rel}","templated":true}]}}