{"id":3091,"date":"2023-06-20T10:39:12","date_gmt":"2023-06-20T08:39:12","guid":{"rendered":"https:\/\/www.granital.si\/rezanje-keramike\/"},"modified":"2026-04-27T20:06:08","modified_gmt":"2026-04-27T18:06:08","slug":"rezanje-keramike","status":"publish","type":"page","link":"https:\/\/www.granital.si\/hr\/rezanje-keramike\/","title":{"rendered":"Rezanje keramike"},"content":{"rendered":"\n\t<section class=\"section bfr-blue2 f-sec has-parallax\" id=\"section_338730082\">\n\t\t<div class=\"section-bg fill\" data-parallax-container=\".section\" data-parallax-background data-parallax=\"-10\">\n\t\t\t<img decoding=\"async\" width=\"2035\" height=\"650\" src=\"https:\/\/www.granital.si\/wp-content\/uploads\/kamnosestvo.jpg\" class=\"bg attachment-original size-original\" alt=\"\" \/>\t\t\t\t\t\t<div class=\"section-bg-overlay absolute fill\"><\/div>\n\t\t\t\n\n\t\t<\/div>\n\n\t\t\n\n\t\t<div class=\"section-content relative\">\n\t\t\t\n<div class=\"row row-large align-middle align-center\"  id=\"row-681262535\">\n\n\t<div id=\"col-2030595883\" class=\"col pb-0 medium-12 small-12 large-12 medium-col-first\"  >\n\t\t\t\t<div class=\"col-inner text-left\"  >\n\t\t\t\n\t\t\t\n\t<div id=\"text-1898768276\" class=\"text\">\n\t\t\n<h1 class=\"s-m-tit\">Rezanje keramike<\/h1>\n\t\t\n<style>\n#text-1898768276 {\n  font-size: 1.6rem;\n  text-align: center;\n  color: rgb(255,255,255);\n}\n#text-1898768276 > * {\n  color: rgb(255,255,255);\n}\n@media (min-width:550px) {\n  #text-1898768276 {\n    text-align: left;\n  }\n}\n<\/style>\n\t<\/div>\n\t\n\t<div id=\"gap-1838940130\" class=\"gap-element clearfix\" style=\"display:block; height:auto;\">\n\t\t\n<style>\n#gap-1838940130 {\n  padding-top: 15px;\n}\n<\/style>\n\t<\/div>\n\t\n\t\t<\/div>\n\t\t\t\t\t<\/div>\n\n\t\n<\/div>\n<div class=\"row\"  id=\"row-191965489\">\n\n\t<div id=\"col-526450321\" class=\"col pb-0 medium-3 small-6 large-3\"  >\n\t\t\t\t<div class=\"col-inner\"  >\n\t\t\t\n\t\t\t\n\n\t\t<div class=\"icon-box featured-box ic-h icon-box-left text-left\"  >\n\t\t\t\t\t<div class=\"icon-box-img\" style=\"width: 60px\">\n\t\t\t\t<div class=\"icon\">\n\t\t\t\t\t<div class=\"icon-inner\" style=\"color:rgb(255, 139, 57);\">\n\t\t\t\t\t\t<svg xmlns=\"http:\/\/www.w3.org\/2000\/svg\" height=\"48\" viewBox=\"0 96 960 960\" width=\"48\"><path d=\"M140 876h120V556h440v320h120V416L480 280 140 416v460Zm-60 60V376l400-160 400 160v560H640V616H320v320H80Zm290 0v-60h60v60h-60Zm80-120v-60h60v60h-60Zm80 120v-60h60v60h-60ZM260 556h440-440Z\"\/><\/svg>\t\t\t\t\t<\/div>\n\t\t\t\t<\/div>\n\t\t\t<\/div>\n\t\t\t\t<div class=\"icon-box-text last-reset\">\n\t\t\t\t\t\t\t\t\t\n\t<div id=\"text-752812359\" class=\"text\">\n\t\t\n<h4 class=\"smallest-tit\">Velika zaliha<\/h4>\n\t\t\n<style>\n#text-752812359 {\n  color: rgb(255, 139, 57);\n}\n#text-752812359 > * {\n  color: rgb(255, 139, 57);\n}\n<\/style>\n\t<\/div>\n\t\n\t<div id=\"gap-581316921\" class=\"gap-element clearfix show-for-small\" style=\"display:block; height:auto;\">\n\t\t\n<style>\n#gap-581316921 {\n  padding-top: 30px;\n}\n<\/style>\n\t<\/div>\n\t\n\t\t<\/div>\n\t<\/div>\n\t\n\t\n\t\t<\/div>\n\t\t\t\t\t<\/div>\n\n\t\n\n\t<div id=\"col-1947291992\" class=\"col pb-0 medium-3 small-6 large-3\"  >\n\t\t\t\t<div class=\"col-inner\"  >\n\t\t\t\n\t\t\t\n\n\t\t<div class=\"icon-box featured-box ic-h icon-box-left text-left\"  >\n\t\t\t\t\t<div class=\"icon-box-img\" style=\"width: 60px\">\n\t\t\t\t<div class=\"icon\">\n\t\t\t\t\t<div class=\"icon-inner\" style=\"color:rgb(255, 139, 57);\">\n\t\t\t\t\t\t<svg xmlns=\"http:\/\/www.w3.org\/2000\/svg\" height=\"48\" viewBox=\"0 96 960 960\" width=\"48\"><path d=\"M360 196v-60h240v60H360Zm90 447h60V413h-60v230Zm30 332q-74 0-139.5-28.5T226 869q-49-49-77.5-114.5T120 615q0-74 28.5-139.5T226 361q49-49 114.5-77.5T480 255q67 0 126 22.5T711 340l51-51 42 42-51 51q36 40 61.5 97T840 615q0 74-28.5 139.5T734 869q-49 49-114.5 77.5T480 975Zm0-60q125 0 212.5-87.5T780 615q0-125-87.5-212.5T480 315q-125 0-212.5 87.5T180 615q0 125 87.5 212.5T480 915Zm0-299Z\"\/><\/svg>\t\t\t\t\t<\/div>\n\t\t\t\t<\/div>\n\t\t\t<\/div>\n\t\t\t\t<div class=\"icon-box-text last-reset\">\n\t\t\t\t\t\t\t\t\t\n\t<div id=\"text-4073304007\" class=\"text\">\n\t\t\n<h4 class=\"smallest-tit\">Brza izvedba<\/h4>\n\t\t\n<style>\n#text-4073304007 {\n  color: rgb(255, 139, 57);\n}\n#text-4073304007 > * {\n  color: rgb(255, 139, 57);\n}\n<\/style>\n\t<\/div>\n\t\n\t<div id=\"gap-508924803\" class=\"gap-element clearfix show-for-small\" style=\"display:block; height:auto;\">\n\t\t\n<style>\n#gap-508924803 {\n  padding-top: 30px;\n}\n<\/style>\n\t<\/div>\n\t\n\t\t<\/div>\n\t<\/div>\n\t\n\t\n\t\t<\/div>\n\t\t\t\t\t<\/div>\n\n\t\n\n\t<div id=\"col-135845675\" class=\"col pb-0 medium-3 small-6 large-3\"  >\n\t\t\t\t<div class=\"col-inner\"  >\n\t\t\t\n\t\t\t\n\n\t\t<div class=\"icon-box featured-box ic-h icon-box-left text-left\"  >\n\t\t\t\t\t<div class=\"icon-box-img\" style=\"width: 60px\">\n\t\t\t\t<div class=\"icon\">\n\t\t\t\t\t<div class=\"icon-inner\" style=\"color:rgb(255, 139, 57);\">\n\t\t\t\t\t\t<svg xmlns=\"http:\/\/www.w3.org\/2000\/svg\" height=\"48\" viewBox=\"0 96 960 960\" width=\"48\"><path d=\"M224.118 895Q175 895 140.5 860.583 106 826.167 106 777H40V316q0-24 18-42t42-18h579v167h105l136 181v173h-71q0 49.167-34.382 83.583Q780.235 895 731.118 895 682 895 647.5 860.583 613 826.167 613 777H342q0 49-34.382 83.5-34.383 34.5-83.5 34.5ZM224 835q24 0 41-17t17-41q0-24-17-41t-41-17q-24 0-41 17t-17 41q0 24 17 41t41 17ZM100 717h22q17-27 43.041-43 26.041-16 58-16t58.459 16.5Q308 691 325 717h294V316H100v401Zm631 118q24 0 41-17t17-41q0-24-17-41t-41-17q-24 0-41 17t-17 41q0 24 17 41t41 17Zm-52-204h186L754 483h-75v148ZM360 527Z\"\/><\/svg>\t\t\t\t\t<\/div>\n\t\t\t\t<\/div>\n\t\t\t<\/div>\n\t\t\t\t<div class=\"icon-box-text last-reset\">\n\t\t\t\t\t\t\t\t\t\n\t<div id=\"text-2102212692\" class=\"text\">\n\t\t\n<h4 class=\"smallest-tit\">Besplatna dostava uz monta\u017eu<\/h4>\n\t\t\n<style>\n#text-2102212692 {\n  color: rgb(255, 139, 57);\n}\n#text-2102212692 > * {\n  color: rgb(255, 139, 57);\n}\n<\/style>\n\t<\/div>\n\t\n\t\t<\/div>\n\t<\/div>\n\t\n\t\n\t\t<\/div>\n\t\t\t\t\t<\/div>\n\n\t\n\n\t<div id=\"col-979311293\" class=\"col pb-0 medium-3 small-6 large-3\"  >\n\t\t\t\t<div class=\"col-inner\"  >\n\t\t\t\n\t\t\t\n\n\t\t<div class=\"icon-box featured-box ic-h icon-box-left text-left\"  >\n\t\t\t\t\t<div class=\"icon-box-img\" style=\"width: 60px\">\n\t\t\t\t<div class=\"icon\">\n\t\t\t\t\t<div class=\"icon-inner\" style=\"color:rgb(255, 139, 57);\">\n\t\t\t\t\t\t<svg xmlns=\"http:\/\/www.w3.org\/2000\/svg\" height=\"48\" viewBox=\"0 96 960 960\" width=\"48\"><path d=\"m385 644 36-115-95-74h116l38-119 37 119h117l-95 74 35 115-94-71-95 71Zm-141 372V712q-45-47-64.5-103T160 496q0-136 92-228t228-92q136 0 228 92t92 228q0 57-19.5 113T716 712v304l-236-79-236 79Zm236-260q109 0 184.5-75.5T740 496q0-109-75.5-184.5T480 236q-109 0-184.5 75.5T220 496q0 109 75.5 184.5T480 756ZM304 932l176-55 176 55V761q-40 29-86 42t-90 13q-44 0-90-13t-86-42v171Zm176-86Z\"\/><\/svg>\t\t\t\t\t<\/div>\n\t\t\t\t<\/div>\n\t\t\t<\/div>\n\t\t\t\t<div class=\"icon-box-text last-reset\">\n\t\t\t\t\t\t\t\t\t\n\t<div id=\"text-2654210879\" class=\"text\">\n\t\t\n<h4 class=\"smallest-tit\">Kvalitetna izvedba<\/h4>\n\t\t\n<style>\n#text-2654210879 {\n  color: rgb(255, 139, 57);\n}\n#text-2654210879 > * {\n  color: rgb(255, 139, 57);\n}\n<\/style>\n\t<\/div>\n\t\n\t\t<\/div>\n\t<\/div>\n\t\n\t\n\t\t<\/div>\n\t\t\t\t\t<\/div>\n\n\t\n<\/div>\n<div class=\"row\"  id=\"row-57257986\">\n\n\t<div id=\"col-1441419750\" class=\"col pb-0 small-12 large-12\"  >\n\t\t\t\t<div class=\"col-inner\"  >\n\t\t\t\n\t\t\t\n<a href=\"#povprasevanje\" class=\"button primary btn-out bg-or\" >\n\t\t<span>Po\u0161aljite upit<\/span>\n\t<\/a>\n\n\t\t<\/div>\n\t\t\t\t\n<style>\n#col-1441419750 > .col-inner {\n  padding: 30px 0px 0px 0px;\n}\n<\/style>\n\t<\/div>\n\n\t\n<\/div>\n\t\t<\/div>\n\n\t\t\n<style>\n#section_338730082 {\n  padding-top: 65px;\n  padding-bottom: 65px;\n}\n#section_338730082 .section-bg-overlay {\n  background-color: rgba(0, 0, 0, 0.5);\n}\n#section_338730082 .section-bg img {\n  object-position: 0% 0%;\n}\n@media (min-width:850px) {\n  #section_338730082 {\n    padding-top: 75px;\n    padding-bottom: 75px;\n  }\n}\n<\/style>\n\t<\/section>\n\t\n\n\t<section class=\"section\" id=\"section_1667672887\">\n\t\t<div class=\"section-bg fill\" >\n\t\t\t\t\t\t\t\t\t\n\t\t\t\n\n\t\t<\/div>\n\n\t\t\n\n\t\t<div class=\"section-content relative\">\n\t\t\t\n<div class=\"row\"  id=\"row-1260829144\">\n\n\t<div id=\"col-1461013394\" class=\"col robovi pb-0 small-12 large-12\"  >\n\t\t\t\t<div class=\"col-inner\"  >\n\t\t\t\n\t\t\t\n<div class=\"row row-collapse\"  id=\"row-100065922\">\n\n\t<div id=\"col-153653027\" class=\"col pb-0 medium-6 small-12 large-6\"  >\n\t\t\t\t<div class=\"col-inner\"  >\n\t\t\t\n\t\t\t\n\t<div class=\"img has-hover x md-x lg-x y md-y lg-y\" id=\"image_1801756354\">\n\t\t<a class=\"\" href=\"#povprasevanje\" >\t\t\t\t\t\t<div class=\"img-inner dark\" >\n\t\t\t<img decoding=\"async\" width=\"570\" height=\"234\" src=\"https:\/\/www.granital.si\/wp-content\/uploads\/12-razrez-keramike-A.png\" class=\"attachment-original size-original\" alt=\"\" srcset=\"https:\/\/www.granital.si\/wp-content\/uploads\/12-razrez-keramike-A.png 570w, https:\/\/www.granital.si\/wp-content\/uploads\/12-razrez-keramike-A-500x205.png 500w\" sizes=\"(max-width: 570px) 100vw, 570px\" \/>\t\t\t\t\t\t\n\t\t\t\t\t<\/div>\n\t\t\t\t\t\t<\/a>\t\t\n<style>\n#image_1801756354 {\n  width: 100%;\n}\n<\/style>\n\t<\/div>\n\t\n\t\t<\/div>\n\t\t\t\t\t<\/div>\n\n\t\n\n\t<div id=\"col-1260848685\" class=\"col pb-0 medium-6 small-12 large-6\"  >\n\t\t\t\t<div class=\"col-inner\"  >\n\t\t\t\n\t\t\t\n\t<div class=\"img has-hover x md-x lg-x y md-y lg-y\" id=\"image_714206691\">\n\t\t<a class=\"\" href=\"#povprasevanje\" >\t\t\t\t\t\t<div class=\"img-inner dark\" >\n\t\t\t<img decoding=\"async\" width=\"570\" height=\"234\" src=\"https:\/\/www.granital.si\/wp-content\/uploads\/12-razrez-keramike-B.png\" class=\"attachment-original size-original\" alt=\"\" srcset=\"https:\/\/www.granital.si\/wp-content\/uploads\/12-razrez-keramike-B.png 570w, https:\/\/www.granital.si\/wp-content\/uploads\/12-razrez-keramike-B-500x205.png 500w\" sizes=\"(max-width: 570px) 100vw, 570px\" \/>\t\t\t\t\t\t\n\t\t\t\t\t<\/div>\n\t\t\t\t\t\t<\/a>\t\t\n<style>\n#image_714206691 {\n  width: 100%;\n}\n<\/style>\n\t<\/div>\n\t\n\t\t<\/div>\n\t\t\t\t\t<\/div>\n\n\t\n<\/div>\n\t<div id=\"gap-907420761\" class=\"gap-element clearfix\" style=\"display:block; height:auto;\">\n\t\t\n<style>\n#gap-907420761 {\n  padding-top: 30px;\n}\n<\/style>\n\t<\/div>\n\t\n\t<div id=\"text-1221803410\" class=\"text\">\n\t\t\n<h2>Trebate rezanje keramike? Kod nas se brinemo i za to. <\/h2>\n\t\t\n<style>\n#text-1221803410 {\n  font-size: 1.25rem;\n}\n<\/style>\n\t<\/div>\n\t\n\t<div id=\"text-4166655136\" class=\"text\">\n\t\t\n<p><span style=\"font-weight: 400;\">Prema Va\u0161im \u017eeljama, materijale \u0107emo izrezati pomo\u0107u najboljih alata i opreme, a rezovi na\u0161ih iskusnih majstora bit \u0107e kirur\u0161ki precizni.<\/span><\/p>\n\t\t\n<style>\n#text-4166655136 {\n  font-size: 1.25rem;\n}\n<\/style>\n\t<\/div>\n\t\n<span class=\"scroll-to\" data-label=\"Scroll to: #upit\" data-bullet=\"false\" data-link=\"#upit\" data-title=\"Upit\"><a name=\"upit\"><\/a><\/span>\n\t\t<\/div>\n\t\t\t\t\t<\/div>\n\n\t\n<\/div>\n<div class=\"row\"  id=\"row-890308102\">\n\n\t<div id=\"col-570505395\" class=\"col small-12 large-12\"  >\n\t\t\t\t<div class=\"col-inner\"  >\n\t\t\t\n\t\t\t\n\n<div class=\"wpcf7 no-js\" id=\"wpcf7-f3680-o1\" lang=\"hr\" dir=\"ltr\" data-wpcf7-id=\"3680\">\n<div class=\"screen-reader-response\"><p role=\"status\" aria-live=\"polite\" aria-atomic=\"true\"><\/p> <ul><\/ul><\/div>\n<form action=\"\/hr\/wp-json\/wp\/v2\/pages\/3091#wpcf7-f3680-o1\" method=\"post\" class=\"wpcf7-form init\" aria-label=\"Kontakt obrazac\" novalidate=\"novalidate\" data-status=\"init\">\n<fieldset class=\"hidden-fields-container\"><input type=\"hidden\" name=\"_wpcf7\" value=\"3680\" \/><input type=\"hidden\" name=\"_wpcf7_version\" value=\"6.1.5\" \/><input type=\"hidden\" name=\"_wpcf7_locale\" value=\"hr\" \/><input type=\"hidden\" name=\"_wpcf7_unit_tag\" value=\"wpcf7-f3680-o1\" \/><input type=\"hidden\" name=\"_wpcf7_container_post\" value=\"0\" \/><input type=\"hidden\" name=\"_wpcf7_posted_data_hash\" value=\"\" \/>\n<\/fieldset>\n<input class=\"wpcf7-form-control wpcf7-hidden\" id=\"thankyouURL\" value=\"\/zahvala-kontakt\/\" type=\"hidden\" name=\"thankyouURL\" \/>\n<div class=\"complete-cf7 form-with-custom-checkboxes-radios\">\n\t<div class=\"flexed\">\n\t\t<p><label> Ime i prezime<br \/>\n<span class=\"wpcf7-form-control-wrap\" data-name=\"your-name\"><input size=\"40\" maxlength=\"400\" class=\"wpcf7-form-control wpcf7-text wpcf7-validates-as-required\" aria-required=\"true\" aria-invalid=\"false\" placeholder=\"Unesite ime i prezime\" value=\"\" type=\"text\" name=\"your-name\" \/><\/span> <\/label>\n\t\t<\/p>\n\t\t<p><label> E-mail<br \/>\n<span class=\"wpcf7-form-control-wrap\" data-name=\"your-email\"><input size=\"40\" maxlength=\"400\" class=\"wpcf7-form-control wpcf7-email wpcf7-validates-as-required wpcf7-text wpcf7-validates-as-email\" aria-required=\"true\" aria-invalid=\"false\" placeholder=\"Unesite e-mail adresu\" value=\"\" type=\"email\" name=\"your-email\" \/><\/span> <\/label>\n\t\t<\/p>\n\t\t<p><label> Telefon<br \/>\n<span class=\"wpcf7-form-control-wrap\" data-name=\"your-phone\"><input size=\"40\" maxlength=\"400\" class=\"wpcf7-form-control wpcf7-text wpcf7-validates-as-required\" aria-required=\"true\" aria-invalid=\"false\" placeholder=\"Unesite telefonski broj\" value=\"\" type=\"text\" name=\"your-phone\" \/><\/span> <\/label>\n\t\t<\/p>\n\t\t<p><label> Mjesto prebivali\u0161ta<br \/>\n<span class=\"wpcf7-form-control-wrap\" data-name=\"your-city\"><input size=\"40\" maxlength=\"400\" class=\"wpcf7-form-control wpcf7-text wpcf7-validates-as-required\" aria-required=\"true\" aria-invalid=\"false\" placeholder=\"Unesite mjesto prebivali\u0161ta\" value=\"\" type=\"text\" name=\"your-city\" \/><\/span> <\/label>\n\t\t<\/p>\n\t\t<p class=\"fulled filled\"><label> Predmet<br \/>\n<span class=\"wpcf7-form-control-wrap\" data-name=\"your-product\"><input size=\"40\" maxlength=\"400\" class=\"wpcf7-form-control wpcf7-text wpcf7-validates-as-required\" aria-required=\"true\" aria-invalid=\"false\" placeholder=\"Predmet\" value=\"\" type=\"text\" name=\"your-product\" \/><\/span> <\/label>\n\t\t<\/p>\n\t\t<p class=\"fulled\"><label> Poruka<br \/>\n<span class=\"wpcf7-form-control-wrap\" data-name=\"your-message\"><textarea cols=\"40\" rows=\"10\" maxlength=\"2000\" class=\"wpcf7-form-control wpcf7-textarea\" aria-invalid=\"false\" placeholder=\"Napi\u0161ite poruku\" name=\"your-message\"><\/textarea><\/span> <\/label>\n\t\t<\/p>\n\t\t<p class=\"fulled\"><label> Prilog<br \/>\n<span class=\"wpcf7-form-control-wrap\" data-name=\"your-file-multiple\"><input size=\"40\" class=\"wpcf7-form-control wpcf7-drag-n-drop-file d-none\" aria-invalid=\"false\" type=\"file\" multiple=\"multiple\" data-name=\"your-file-multiple\" data-id=\"3680\" data-version=\"free version 1.3.9.7\" accept=\".\" \/><\/span> <\/label>\n\t\t<\/p>\n\t\t<p><span id=\"wpcf7-69fc7131b57bf-wrapper\" class=\"wpcf7-form-control-wrap honeypot-945-wrap\" style=\"display:none !important; visibility:hidden !important;\"><label for=\"wpcf7-69fc7131b57bf-field\" class=\"hp-message\">Molimo ostavite ovo polje praznim.<\/label><input id=\"wpcf7-69fc7131b57bf-field\"  class=\"wpcf7-form-control wpcf7-text\" type=\"text\" name=\"honeypot-945\" value=\"\" size=\"40\" tabindex=\"-1\" autocomplete=\"new-password\" \/><\/span>\n\t\t<\/p>\n\t<\/div>\n\t<p class=\"posljite\"><input class=\"wpcf7-form-control wpcf7-submit has-spinner\" type=\"submit\" value=\"Po\u0161alji\" \/>\n\t<\/p>\n<\/div>\n<p><script>\ndocument.addEventListener( 'wpcf7mailsent', function( event ) {\n var thankyouURL = document.getElementById(\"thankyouURL\").value;\n location = thankyouURL;\n}, false );\n<\/script>\n<\/p><div class=\"wpcf7-response-output\" aria-hidden=\"true\"><\/div>\n<\/form>\n<\/div>\n\n\t\t<\/div>\n\t\t\t\t\t<\/div>\n\n\t\n<\/div>\n\t\t<\/div>\n\n\t\t\n<style>\n#section_1667672887 {\n  padding-top: 65px;\n  padding-bottom: 65px;\n}\n<\/style>\n\t<\/section>\n\t\n","protected":false},"excerpt":{"rendered":"","protected":false},"author":18,"featured_media":0,"parent":0,"menu_order":0,"comment_status":"closed","ping_status":"closed","template":"","meta":{"footnotes":""},"class_list":["post-3091","page","type-page","status-publish","hentry"],"_links":{"self":[{"href":"https:\/\/www.granital.si\/hr\/wp-json\/wp\/v2\/pages\/3091","targetHints":{"allow":["GET"]}}],"collection":[{"href":"https:\/\/www.granital.si\/hr\/wp-json\/wp\/v2\/pages"}],"about":[{"href":"https:\/\/www.granital.si\/hr\/wp-json\/wp\/v2\/types\/page"}],"author":[{"embeddable":true,"href":"https:\/\/www.granital.si\/hr\/wp-json\/wp\/v2\/users\/18"}],"replies":[{"embeddable":true,"href":"https:\/\/www.granital.si\/hr\/wp-json\/wp\/v2\/comments?post=3091"}],"version-history":[{"count":0,"href":"https:\/\/www.granital.si\/hr\/wp-json\/wp\/v2\/pages\/3091\/revisions"}],"wp:attachment":[{"href":"https:\/\/www.granital.si\/hr\/wp-json\/wp\/v2\/media?parent=3091"}],"curies":[{"name":"wp","href":"https:\/\/api.w.org\/{rel}","templated":true}]}}