{"id":3074,"date":"2022-11-21T12:58:41","date_gmt":"2022-11-21T11:58:41","guid":{"rendered":"https:\/\/www.granital.si\/opci-uvjeti\/"},"modified":"2026-04-27T20:05:40","modified_gmt":"2026-04-27T18:05:40","slug":"opci-uvjeti","status":"publish","type":"page","link":"https:\/\/www.granital.si\/hr\/opci-uvjeti\/","title":{"rendered":"Op\u0107i uvjeti"},"content":{"rendered":"\n\t<section class=\"section\" id=\"section_1190199447\">\n\t\t<div class=\"section-bg fill\" >\n\t\t\t\t\t\t\t\t\t\n\t\t\t\n\n\t\t<\/div>\n\n\t\t\n\n\t\t<div class=\"section-content relative\">\n\t\t\t\n<div class=\"row\"  id=\"row-1640878070\">\n\n\t<div id=\"col-2068678930\" class=\"col pb-0 small-12 large-12\"  >\n\t\t\t\t<div class=\"col-inner\"  >\n\t\t\t\n\t\t\t\n\t<div id=\"text-1281261530\" class=\"text\">\n\t\t\n<h1>Op\u0107i uvjeti &#8211;  Granital kamnose\u0161tvo<\/h1>\n\t\t\n<style>\n#text-1281261530 {\n  font-size: 1.75rem;\n}\n<\/style>\n\t<\/div>\n\t\n<p>Op\u0107i uvjeti poslovanja web-mjesta \u2013 <b>https:\/\/granital.si\/<\/b> sastavljeni su u skladu sa Zakonom o za\u0161titi potro\u0161a\u010da (ZVPot), Zakonom o za\u0161titi osobnih podataka (ZVOP-1), Zakonom o elektroni\u010dkim komunikacijama (ZEKom-1) te Op\u0107om uredbom o za\u0161titi osobnih podataka (GDPR).<\/p>\n<p>Web-mjestom  https:\/\/granital.si\/  upravlja tvrtka  GRANITAL KAMNOSE\u0160TVO d.o.o.,  Laporje, IOC Lo\u010dica,  1311 Turjak, mati\u010dni broj:  6352294000, porezni broj:  SI69092451.<\/p>\n\t<div id=\"gap-838088876\" class=\"gap-element clearfix\" style=\"display:block; height:auto;\">\n\t\t\n<style>\n#gap-838088876 {\n  padding-top: 30px;\n}\n<\/style>\n\t<\/div>\n\t\n<div class=\"accordion\">\n\t<div id=\"accordion-1278319979\" class=\"accordion-item\">\n\t\t<a id=\"accordion-1278319979-label\" class=\"accordion-title plain\" href=\"#accordion-item-kori\u0161tenje-usluge\" aria-expanded=\"false\" aria-controls=\"accordion-1278319979-content\">\n\t\t\t<button class=\"toggle\" aria-label=\"Toggle\"><i class=\"icon-angle-down\" aria-hidden=\"true\"><\/i><\/button>\n\t\t\t<span>Kori\u0161tenje usluge<\/span>\n\t\t<\/a>\n\t\t<div id=\"accordion-1278319979-content\" class=\"accordion-inner\" aria-labelledby=\"accordion-1278319979-label\">\n\t\t\t\n<p>\nNemojte zloupotrebljavati web-mjesto odnosno na\u0161e usluge. Na primjer, nemojte ometati stranicu i pristupajte joj samo putem su\u010delja i uz po\u0161tivanje pru\u017eenih uputa. Stranicu mo\u017eete koristiti samo u skladu sa zakonom. Mo\u017eemo vam privremeno ili trajno prestati pru\u017eati pristup ako ne postupate u skladu s na\u0161im uvjetima ili pravilnicima ili kada istra\u017eujemo je li do\u0161lo do nedopu\u0161tenog pona\u0161anja.    <\/p>\n<p>Kori\u0161tenjem stranice ne stje\u010dete vlasni\u0161tvo nad pravima intelektualnog vlasni\u0161tva na stranicama ili na sadr\u017eaju kojem pristupate. Sadr\u017eaj stranice ne smijete koristiti, osim ako prethodno ne dobijete dopu\u0161tenje vlasnika ili ako je to druga\u010dije dopu\u0161teno zakonom. Ovi uvjeti vam ne daju pravo kori\u0161tenja nijedne robne marke ili logotipa koji se koristi na na\u0161oj stranici. Pravne obavijesti koje su prikazane na na\u0161im stranicama, u na\u0161oj usluzi ili uz njih, nemojte uklanjati, prikrivati ili mijenjati.   <\/p>\n<p><b>https:\/\/granital.si\/<\/b>  mo\u017ee prikazivati i sadr\u017eaj koji nije u vlasni\u0161tvu web-mjesta. Za taj sadr\u017eaj isklju\u010divo je odgovoran subjekt koji ga pru\u017ea. Sadr\u017eaj mo\u017eemo pregledati kako bismo provjerili je li nezakonit ili kr\u0161i na\u0161e pravilnike, pri \u010demu ga mo\u017eemo ukloniti ili odbiti njegovo prikazivanje ako smatramo da je u suprotnosti s na\u0161im pravilnicima ili zakonom. To ne zna\u010di da sadr\u017eaj stvarno pregledavamo, stoga nemojte pretpostavljati da ga pregledavamo.   <\/p>\n<p>U vezi s kori\u0161tenjem web-stranice mo\u017eemo vam poslati obavijesti, administrativne poruke ili druge informacije. Mo\u017eete odabrati da neke od tih poruka ne primate. <\/p>\n<p>Na\u0161a usluga dostupna je i na mobilnim ure\u0111ajima. Nemojte je koristiti na na\u010din koji bi vas ometao i sprje\u010davao u po\u0161tivanju prometnih i sigurnosnih propisa. <\/p>\n\t\t<\/div>\n\t<\/div>\n\t\n\t<div id=\"accordion-1945800215\" class=\"accordion-item\">\n\t\t<a id=\"accordion-1945800215-label\" class=\"accordion-title plain\" href=\"#accordion-item-narud\u017eba-usluga\" aria-expanded=\"false\" aria-controls=\"accordion-1945800215-content\">\n\t\t\t<button class=\"toggle\" aria-label=\"Toggle\"><i class=\"icon-angle-down\" aria-hidden=\"true\"><\/i><\/button>\n\t\t\t<span>Narud\u017eba usluga<\/span>\n\t\t<\/a>\n\t\t<div id=\"accordion-1945800215-content\" class=\"accordion-inner\" aria-labelledby=\"accordion-1945800215-label\">\n\t\t\t\n<p>\nZa narud\u017ebu usluge, kao \u0161to su npr. e-novosti, uvijek morate ispuniti obrazac. To mo\u017eete u\u010diniti posjetom stranici s obrascem ili to mo\u017ee u\u010diniti administrator, na primjer va\u0161 poslodavac ili obrazovna ustanova.  <\/p>\n<p>Odgovorni ste za aktivnosti koje proizlaze iz narud\u017ebe usluge na stranicama &#8211;  <b>https:\/\/granital.si\/<\/b>. Ako saznate za bilo kakvu neovla\u0161tenu upotrebu va\u0161ih podataka, kontaktirajte nas.<\/p>\n\t\t<\/div>\n\t<\/div>\n\t\n\t<div id=\"accordion-3591149589\" class=\"accordion-item\">\n\t\t<a id=\"accordion-3591149589-label\" class=\"accordion-title plain\" href=\"#accordion-item-za\u0161tita-privatnosti-i-autorskih-prava\" aria-expanded=\"false\" aria-controls=\"accordion-3591149589-content\">\n\t\t\t<button class=\"toggle\" aria-label=\"Toggle\"><i class=\"icon-angle-down\" aria-hidden=\"true\"><\/i><\/button>\n\t\t\t<span>Za\u0161tita privatnosti i autorskih prava<\/span>\n\t\t<\/a>\n\t\t<div id=\"accordion-3591149589-content\" class=\"accordion-inner\" aria-labelledby=\"accordion-3591149589-label\">\n\t\t\t\n<p><b>https:\/\/granital.si\/<\/b>  i pravilnik o privatnosti obja\u0161njavaju kako postupamo s va\u0161im osobnim podacima i \u0161titimo va\u0161u privatnost pri kori\u0161tenju web-mjesta. Ako koristite web-stranicu, sla\u017eete se da te podatke mo\u017eemo koristiti u skladu s na\u0161im pravilnicima o privatnosti. <\/p>\n<p>Na temelju obavijesti o navodnim kr\u0161enjima autorskih prava postupamo u skladu s postupkom odre\u0111enim zakonom, koji primjenjujemo i pri ukidanju pristupa vi\u0161estrukim prekr\u0161iteljima.<\/p>\n<p>Vlasnicima autorskih prava pru\u017eamo informacije i tako im poma\u017eemo u upravljanju njihovim intelektualnim vlasni\u0161tvom na internetu. Ako smatrate da netko kr\u0161i va\u0161a autorska prava, kontaktirajte nas. <\/p>\n\t\t<\/div>\n\t<\/div>\n\t\n\t<div id=\"accordion-801545693\" class=\"accordion-item\">\n\t\t<a id=\"accordion-801545693-label\" class=\"accordion-title plain\" href=\"#accordion-item-va\u0161-sadr\u017eaj-u-na\u0161oj-usluzi\" aria-expanded=\"false\" aria-controls=\"accordion-801545693-content\">\n\t\t\t<button class=\"toggle\" aria-label=\"Toggle\"><i class=\"icon-angle-down\" aria-hidden=\"true\"><\/i><\/button>\n\t\t\t<span>Va\u0161 sadr\u017eaj u na\u0161oj usluzi<\/span>\n\t\t<\/a>\n\t\t<div id=\"accordion-801545693-content\" class=\"accordion-inner\" aria-labelledby=\"accordion-801545693-label\">\n\t\t\t\n<p>Na\u0161e web-mjesto omogu\u0107uje vam da prenesete, predate, pohranite, po\u0161aljete ili primite sadr\u017eaj. Na tom sadr\u017eaju zadr\u017eavate sva prava intelektualnog vlasni\u0161tva. Ukratko, ono \u0161to je va\u0161e, ostaje va\u0161e.  <\/p>\n<p>Kada prenesete, predate, pohranite, po\u0161aljete ili primite sadr\u017eaj u na\u0161u uslugu ili putem nje, web-mjestu &#8211;  <b>https:\/\/granital.si\/<\/b>  dajete dozvolu za kori\u0161tenje, ugo\u0161\u0107ivanje, pohranjivanje, razmno\u017eavanje, mijenjanje, oblikovanje izvedenih djela (kao \u0161to nastaju pri prijevodu, prilagodbama ili drugim promjenama koje izvodimo kako bi va\u0161 sadr\u017eaj bio uskla\u0111eniji s uslugama), priop\u0107avanje, objavu, javno izvo\u0111enje, javno emitiranje i distribuciju takvog sadr\u017eaja diljem svijeta. Prava koja dajete ovom dozvolom su za ograni\u010denu svrhu djelovanja, promoviranja i pobolj\u0161anja usluga te za razvoj novih usluga. Ova dozvola vrijedi, \u010dak i ako prestanete koristiti na\u0161e usluge. Za web-mjesto &#8211;     <b>https:\/\/granital.si\/<\/b>  tako\u0111er vrijede uvjeti ili postavke zbog kojih je opseg na\u0161e upotrebe sadr\u017eaja koji je bio osiguran u tim uslugama ograni\u010den. Provjerite imate li potrebna prava da nam date ovu dozvolu za bilo koji sadr\u017eaj koji po\u0161aljete u na\u0161u uslugu. <\/p>\n<p>Na\u0161i automatski sustavi mogu analizirati va\u0161 sadr\u017eaj (uklju\u010duju\u0107i e-po\u0161tu) kako bi vam mogli ponuditi odgovaraju\u0107e funkcije proizvoda, prilago\u0111ene vama, kao \u0161to su prilago\u0111eni rezultati pretra\u017eivanja, prilago\u0111eno ogla\u0161avanje te otkrivanje ne\u017eeljene komunikacije i zlonamjernog softvera. Ova analiza se provodi kada se sadr\u017eaj \u0161alje, prima i pohranjuje. <\/p>\n<p>Ako ste koristili web-stranicu &#8211; <b>https:\/\/granital.si\/<\/b>, mo\u017eemo na na\u0161oj stranici prikazati va\u0161e podatke, a mo\u017eemo ih i koristiti u oglasima i u drugim oblicima reklamiranja.<\/p>\n<p>Po\u0161tovat \u0107emo ograni\u010davanje mogu\u0107nosti va\u0161ih podataka. Kontaktirajte nas ako ne \u017eelite da koristimo va\u0161e podatke u oglasima i ostalim oblicima reklamiranja. <\/p>\n<p>Vi\u0161e o tome kako &#8211;  <b>https:\/\/granital.si\/<\/b>  koristi i pohranjuje sadr\u017eaj, mo\u017eete pro\u010ditati u pravilniku o privatnosti ili u dodatnim uvjetima koji vrijede za pojedine usluge. Ako po\u0161aljete povratne informacije ili prijedloge o na\u0161oj stranici, mo\u017eemo ih koristiti bez ikakve obveze prema vama. <\/p>\n\t\t<\/div>\n\t<\/div>\n\t\n\t<div id=\"accordion-3203357248\" class=\"accordion-item\">\n\t\t<a id=\"accordion-3203357248-label\" class=\"accordion-title plain\" href=\"#accordion-item-o-softveru-na\u0161e-usluge\" aria-expanded=\"false\" aria-controls=\"accordion-3203357248-content\">\n\t\t\t<button class=\"toggle\" aria-label=\"Toggle\"><i class=\"icon-angle-down\" aria-hidden=\"true\"><\/i><\/button>\n\t\t\t<span>O softveru na\u0161e usluge<\/span>\n\t\t<\/a>\n\t\t<div id=\"accordion-3203357248-content\" class=\"accordion-inner\" aria-labelledby=\"accordion-3203357248-label\">\n\t\t\t\n<p>Ako je za uslugu potreban softver koji morate preuzeti na svoj ure\u0111aj, ili usluga uklju\u010duje takav softver, takav se softver na va\u0161em ure\u0111aju mo\u017ee automatski a\u017eurirati kada je dostupna nova verzija ili zna\u010dajka. Kod nekih usluga mo\u017eete prilagoditi postavke automatskog a\u017euriranja. <\/p>\n<p><b>https:\/\/granital.si\/<\/b>  vam dodjeljuje osobnu, besplatnu, neprenosivu i neisklju\u010divu licencu, va\u017ee\u0107u diljem svijeta, za kori\u0161tenje stranice, koju vam pru\u017ea kao dio usluga. Ova licenca omogu\u0107uje samo da koristite i iskoristite pogodnosti koje pru\u017ea stranica, u skladu s va\u017ee\u0107im uvjetima. Nijedan dio stranice ili uklju\u010denog softvera ne smijete kopirati, mijenjati, distribuirati, prodavati ili davati u najam, niti smijete provoditi obrnuti in\u017eenjering ili poku\u0161ati otkriti izvorni kod, osim do mjere koju dopu\u0161ta zakonodavstvo, ili uz na\u0161u pisanu suglasnost.  <\/p>\n<p>Otvoreni kod softvera va\u017ean nam je. Neki softver koji se koristi na na\u0161im stranicama mo\u017ee biti dostupan na temelju licence otvorenog koda, koju \u0107emo vam staviti na raspolaganje. Licenca otvorenog koda mo\u017ee uklju\u010divati odredbe koje izri\u010dito prevladavaju nad nekim od ovih uvjeta.  <\/p>\n\t\t<\/div>\n\t<\/div>\n\t\n\t<div id=\"accordion-3384567323\" class=\"accordion-item\">\n\t\t<a id=\"accordion-3384567323-label\" class=\"accordion-title plain\" href=\"#accordion-item-mijenjanje-i-ukidanje-na\u0161ih-usluga-i-ponude\" aria-expanded=\"false\" aria-controls=\"accordion-3384567323-content\">\n\t\t\t<button class=\"toggle\" aria-label=\"Toggle\"><i class=\"icon-angle-down\" aria-hidden=\"true\"><\/i><\/button>\n\t\t\t<span>Mijenjanje i ukidanje na\u0161ih usluga i ponude<\/span>\n\t\t<\/a>\n\t\t<div id=\"accordion-3384567323-content\" class=\"accordion-inner\" aria-labelledby=\"accordion-3384567323-label\">\n\t\t\t\n<p>Web-stranicu i na\u0161u ponudu stalno mijenjamo i pobolj\u0161avamo. Funkcije ili mogu\u0107nosti mo\u017eemo dodavati ili uklanjati, a tako\u0111er mo\u017eemo privremeno ili trajno ukinuti cijelu web-stranicu, uslugu ili ukloniti ponudu. <\/p>\n<p>Uslugu mo\u017eete prestati koristiti bilo kada.  <b>https:\/\/granital.si\/<\/b>  mo\u017ee prestati pru\u017eati uslugu\/ponudu bilo kada, dodati ili uvesti nova ograni\u010denja.<\/p>\n<p>Uvjereni smo da je o\u010duvanje podataka u va\u0161em vlasni\u0161tvu i pristup takvim podacima va\u017ean. Ako se odlu\u010dimo trajno ukinuti uslugu, obavijestit \u0107emo vas o tome u razumnom roku i omogu\u0107iti vam da preuzmete svoje podatke. <\/p>\n\t\t<\/div>\n\t<\/div>\n\t\n\t<div id=\"accordion-705568457\" class=\"accordion-item\">\n\t\t<a id=\"accordion-705568457-label\" class=\"accordion-title plain\" href=\"#accordion-item-na\u0161a-jamstva-i-odricanja-od-odgovornosti\" aria-expanded=\"false\" aria-controls=\"accordion-705568457-content\">\n\t\t\t<button class=\"toggle\" aria-label=\"Toggle\"><i class=\"icon-angle-down\" aria-hidden=\"true\"><\/i><\/button>\n\t\t\t<span>Na\u0161a jamstva i odricanja od odgovornosti<\/span>\n\t\t<\/a>\n\t\t<div id=\"accordion-705568457-content\" class=\"accordion-inner\" aria-labelledby=\"accordion-705568457-label\">\n\t\t\t\n<p>Uslugu pru\u017eamo uz kori\u0161tenje komercijalno razumne razine osposobljenosti i pa\u017enje te se nadamo da \u0107ete u\u017eivati u kori\u0161tenju. Me\u0111utim, neke stvari u vezi s uslugom ne obe\u0107avamo. <\/p>\n<p>Ni &#8211;  <b>https:\/\/granital.si\/<\/b>  ni njegovi dobavlja\u010di ili distributeri ne daju nikakva posebna obe\u0107anja, osim kao \u0161to je izri\u010dito navedeno u ovim uvjetima ili dodatnim uvjetima. Ne dajemo, na primjer, nikakvo jamstvo u vezi sa sadr\u017eajem stranice i pojedinih funkcija koje su dostupne, te u vezi s njezinom pouzdano\u0161\u0107u, raspolo\u017eivo\u0161\u0107u ili prikladno\u0161\u0107u za va\u0161e potrebe. Uslugu i ponudu pru\u017eamo \u201ekakva jest\u201c.  <\/p>\n<p>U nekim jurisdikcijama neka su jamstva obvezna, primjerice jamstvo u vezi s prikladno\u0161\u0107u za prodaju, prikladno\u0161\u0107u za odre\u0111enu svrhu i u vezi s odsutno\u0161\u0107u kr\u0161enja. Sva jamstva isklju\u010dujemo do mjere koju dopu\u0161ta zakonodavstvo. <\/p>\n\t\t<\/div>\n\t<\/div>\n\t\n\t<div id=\"accordion-2907379115\" class=\"accordion-item\">\n\t\t<a id=\"accordion-2907379115-label\" class=\"accordion-title plain\" href=\"#accordion-item-odgovornost-za-na\u0161u-uslugu\" aria-expanded=\"false\" aria-controls=\"accordion-2907379115-content\">\n\t\t\t<button class=\"toggle\" aria-label=\"Toggle\"><i class=\"icon-angle-down\" aria-hidden=\"true\"><\/i><\/button>\n\t\t\t<span>Odgovornost za na\u0161u uslugu<\/span>\n\t\t<\/a>\n\t\t<div id=\"accordion-2907379115-content\" class=\"accordion-inner\" aria-labelledby=\"accordion-2907379115-label\">\n\t\t\t\n<p>Kada to dopu\u0161ta zakonodavstvo, <b>https:\/\/granital.si\/<\/b>, njegovi dobavlja\u010di i distributeri nisu odgovorni za gubitak dobiti, prihoda ili podataka, financijske gubitke ili posrednu, posebnu, posljedi\u010dnu, primjernu ili kaznenu od\u0161tetu.<\/p>\n<p>Do mjere koju dopu\u0161ta zakonodavstvo, ukupna odgovornost web-mjesta &#8211; <b>https:\/\/granital.si\/<\/b>, njegovih dobavlja\u010da i distributera za bilo kakve zahtjeve na temelju ovih uvjeta, uklju\u010duju\u0107i implicitna jamstva, ograni\u010dena je na iznos koji ste platili za kori\u0161tenje usluga (ili, po na\u0161em izboru, ponovno izvo\u0111enje usluga).<\/p>\n<p><b>https:\/\/granital.si\/<\/b>, njegovi dobavlja\u010di i distributeri ni u kojem slu\u010daju ne\u0107e biti odgovorni za eventualni gubitak ili \u0161tetu koja se ne mo\u017ee razumno predvidjeti.<\/p>\n\t\t<\/div>\n\t<\/div>\n\t\n<\/div>\n\t<div id=\"gap-341660662\" class=\"gap-element clearfix\" style=\"display:block; height:auto;\">\n\t\t\n<style>\n#gap-341660662 {\n  padding-top: 30px;\n}\n<\/style>\n\t<\/div>\n\t\n\t<div id=\"text-2532495866\" class=\"text\">\n\t\t\n<h2>O ovim uvjetima<\/h2>\n\t\t\n<style>\n#text-2532495866 {\n  font-size: 1.5rem;\n}\n<\/style>\n\t<\/div>\n\t\n<p>Ove uvjete ili dodatne uvjete koji vrijede za ovo web-mjesto mo\u017eemo, na primjer, promijeniti kada ih moramo prilagoditi zakonodavstvu ili promjenama usluga. Uvjete redovito pratite. <\/p>\n<ul>\n<li>Ako se ne sla\u017eete s izmijenjenim uvjetima, prestanite s kori\u0161tenjem.<\/li>\n<li>U slu\u010daju sukoba izme\u0111u ovih uvjeta i dodatnih uvjeta, prevladavaju dodatni uvjeti.<\/li>\n<li>Ovi uvjeti ure\u0111uju odnos izme\u0111u web-mjesta &#8211;  <b>https:\/\/granital.si\/<\/b>  i vas. Uvjeti ne stvaraju nikakva prava ovla\u0161tenih tre\u0107ih osoba. <\/li>\n<li>Ako ne postupate u skladu s ovim uvjetima i ne poduzmemo odmah mjere, to ne zna\u010di da se odri\u010demo bilo kakvih prava koja nam pripadaju (npr. prava na kasnije poduzimanje mjera).<\/li>\n<li>Ako se bilo koji od uvjeta ne mo\u017ee primijeniti, to ne utje\u010de na ostale uvjete.<\/li>\n<\/ul>\n<p><i>Ova pravila vrijede od: 22. 5. 2018<\/i><\/p>\n\t\t<\/div>\n\t\t\t\t\t<\/div>\n\n\t\n<\/div>\n\t\t<\/div>\n\n\t\t\n<style>\n#section_1190199447 {\n  padding-top: 100px;\n  padding-bottom: 100px;\n}\n<\/style>\n\t<\/section>\n\t\n","protected":false},"excerpt":{"rendered":"","protected":false},"author":18,"featured_media":0,"parent":0,"menu_order":0,"comment_status":"closed","ping_status":"closed","template":"page-blank.php","meta":{"footnotes":""},"class_list":["post-3074","page","type-page","status-publish","hentry"],"_links":{"self":[{"href":"https:\/\/www.granital.si\/hr\/wp-json\/wp\/v2\/pages\/3074","targetHints":{"allow":["GET"]}}],"collection":[{"href":"https:\/\/www.granital.si\/hr\/wp-json\/wp\/v2\/pages"}],"about":[{"href":"https:\/\/www.granital.si\/hr\/wp-json\/wp\/v2\/types\/page"}],"author":[{"embeddable":true,"href":"https:\/\/www.granital.si\/hr\/wp-json\/wp\/v2\/users\/18"}],"replies":[{"embeddable":true,"href":"https:\/\/www.granital.si\/hr\/wp-json\/wp\/v2\/comments?post=3074"}],"version-history":[{"count":0,"href":"https:\/\/www.granital.si\/hr\/wp-json\/wp\/v2\/pages\/3074\/revisions"}],"wp:attachment":[{"href":"https:\/\/www.granital.si\/hr\/wp-json\/wp\/v2\/media?parent=3074"}],"curies":[{"name":"wp","href":"https:\/\/api.w.org\/{rel}","templated":true}]}}